{"id":10427,"date":"2022-09-02T00:49:16","date_gmt":"2022-09-01T22:49:16","guid":{"rendered":"https:\/\/netzwerk-homoeopathie.info\/?page_id=10427"},"modified":"2022-09-02T00:50:56","modified_gmt":"2022-09-01T22:50:56","slug":"test-fuer-postgrid-wpglobus","status":"publish","type":"page","link":"https:\/\/netzwerk-homoeopathie.info\/en\/test-fuer-postgrid-wpglobus\/","title":{"rendered":"Test for ThePostGrid WPGlobus"},"content":{"rendered":"<style type='text\/css' media='all'>#rt-tpg-container-1226001330 .rt-holder .rt-woo-info .price{color:#669900;}body .rt-tpg-container .rt-tpg-isotope-buttons .selected, \n\t\t\t\t\t\t#rt-tpg-container-1226001330 .layout12 .rt-holder:hover .rt-detail, \n\t\t\t\t\t\t#rt-tpg-container-1226001330 .isotope8 .rt-holder:hover .rt-detail, \n\t\t\t\t\t\t#rt-tpg-container-1226001330 .carousel8 .rt-holder:hover .rt-detail,\n\t\t\t\t        #rt-tpg-container-1226001330 .layout13 .rt-holder .overlay .post-info, \n\t\t\t\t        #rt-tpg-container-1226001330 .isotope9 .rt-holder .overlay .post-info, \n\t\t\t\t        #rt-tpg-container-1226001330.rt-tpg-container .layout4 .rt-holder .rt-detail, \n\t\t\t\t        .rt-modal-1226001330 .md-content, \n\t\t\t\t        .rt-modal-1226001330 .md-content > .rt-md-content-holder .rt-md-content, \n\t\t\t\t        .rt-popup-wrap-1226001330.rt-popup-wrap .rt-popup-navigation-wrap, \n\t\t\t\t        #rt-tpg-container-1226001330 .carousel9 .rt-holder .overlay .post-info{background-color:#669900;}#rt-tpg-container-1226001330 .layout5 .rt-holder .overlay, #rt-tpg-container-1226001330 .isotope2 .rt-holder .overlay, #rt-tpg-container-1226001330 .carousel2 .rt-holder .overlay,#rt-tpg-container-1226001330 .layout15 .rt-holder h3, #rt-tpg-container-1226001330 .isotope11 .rt-holder h3, #rt-tpg-container-1226001330 .carousel11 .rt-holder h3, #rt-tpg-container-1226001330 .layout16 .rt-holder h3,\n\t\t\t\t\t#rt-tpg-container-1226001330 .isotope12 .rt-holder h3, #rt-tpg-container-1226001330 .carousel12 .rt-holder h3 {background-color:rgba(102,153,0,0.1);}#rt-tpg-container-1226001330 .pagination-list li a,\n\t\t\t\t            rt-tpg-container-1226001330 .pagination-list li span, \n\t\t\t\t            rt-tpg-container-1226001330 .pagination li a,\n\t\t\t\t\t\t\t#rt-tpg-container-1226001330 .rt-tpg-isotope-buttons button, \n\t\t\t\t\t\t\t#rt-tpg-container-1226001330 .rt-holder .read-more,\n\t\t\t\t\t\t\t#rt-tpg-container-1226001330 .rt-tpg-utility .rt-tpg-load-more button,\n\t\t\t\t\t\t\t#rt-tpg-container-1226001330 .owl-theme .owl-controls .owl-nav > div,\n\t\t\t\t\t\t\t#rt-tpg-container-1226001330 .owl-theme .owl-controls .owl-dots .owl-dot span,\n\t\t\t\t\t\t\t#rt-tpg-container-1226001330 .wc1 .rt-holder .rt-img-holder .overlay .product-more ul li a,\n\t\t\t\t\t\t\t#rt-tpg-container-1226001330 .wc2 .rt-detail .rt-wc-add-to-cart,\n\t\t\t\t\t\t\t#rt-tpg-container-1226001330 .wc3 .rt-detail .rt-wc-add-to-cart,\n\t\t\t\t\t\t\t#rt-tpg-container-1226001330 .wc4 .rt-detail .rt-wc-add-to-cart,\n\t\t\t\t\t\t\t#rt-tpg-container-1226001330 .wc-carousel2 .rt-detail .rt-wc-add-to-cart,\n\t\t\t\t\t\t\t#rt-tpg-container-1226001330 .wc-isotope2 .rt-detail .rt-wc-add-to-cart,\n\t\t\t\t\t\t\t#rt-tpg-container-1226001330 .rt-layout-filter-container .rt-filter-wrap .rt-filter-item-wrap.rt-filter-dropdown-wrap .rt-filter-dropdown,\n\t\t\t\t\t\t\t#rt-tpg-container-1226001330 .rt-layout-filter-container .rt-filter-sub-tax.sub-button-group .rt-filter-button-item,\n\t\t\t\t\t\t\t#rt-tpg-container-1226001330.rt-tpg-container .rt-pagination-wrap .rt-page-numbers .paginationjs .paginationjs-pages ul li>a,\n\t\t\t\t\t\t\t#rt-tpg-container-1226001330 .rt-filter-item-wrap.rt-filter-button-wrap span.rt-filter-button-item,\n\t\t\t\t\t\t\t#rt-tpg-container-1226001330.rt-tpg-container .rt-pagination-wrap  .rt-loadmore-btn,\n\t\t\t\t\t\t\t#rt-tpg-container-1226001330.rt-tpg-container .rt-pagination-wrap .rt-cb-page-prev-next > *,\n\t\t\t\t\t\t\t#rt-tooltip-1226001330, #rt-tooltip-1226001330 .rt-tooltip-bottom:after{background-color:#287f00;}#rt-tpg-container-1226001330 .rt-filter-item-wrap.rt-filter-button-wrap span.rt-filter-button-item,\n\t\t\t\t\t\t#rt-tpg-container-1226001330 .rt-layout-filter-container .rt-filter-sub-tax.sub-button-group .rt-filter-button-item{border-color:#287f00;}#rt-tpg-container-1226001330.rt-tpg-container .layout17 .rt-holder .overlay a.tpg-zoom .fa{color:#287f00;}#rt-tpg-container-1226001330 .pagination-list li a,\n                #rt-tpg-container-1226001330 .pagination li a,\n\t\t\t\t#rt-tpg-container-1226001330 .rt-tpg-isotope-buttons button,\n\t\t\t\t#rt-tpg-container-1226001330 .rt-holder .read-more a,\n\t\t\t\t#rt-tpg-container-1226001330 .rt-tpg-utility .rt-tpg-load-more button, \n\t\t\t\t#rt-tpg-container-1226001330 .owl-theme .owl-controls .owl-nav > div,\n\t\t\t\t#rt-tpg-container-1226001330 .wc1 .rt-holder .rt-img-holder .overlay .product-more ul li a,\n\t\t\t\t#rt-tpg-container-1226001330 .edd1 .rt-holder .rt-img-holder .overlay .product-more ul li a,\n\t\t\t\t#rt-tpg-container-1226001330 .wc2 .rt-detail .rt-wc-add-to-cart,\n\t\t\t\t#rt-tpg-container-1226001330 .wc3 .rt-detail .rt-wc-add-to-cart,\n\t\t\t\t#rt-tpg-container-1226001330 .edd2 .rt-detail .rt-wc-add-to-cart,\n\t\t\t\t#rt-tpg-container-1226001330 .wc4 .rt-detail .rt-wc-add-to-cart,\n\t\t\t\t#rt-tpg-container-1226001330 .edd3 .rt-detail .rt-wc-add-to-cart,\n\t\t\t\t#rt-tpg-container-1226001330 .wc-carousel2 .rt-detail .rt-wc-add-to-cart,\n\t\t\t\t#rt-tpg-container-1226001330 .wc-isotope2 .rt-detail .rt-wc-add-to-cart,\n\t\t\t\t#rt-tpg-container-1226001330 .rt-tpg-utility .rt-tpg-load-more button,\n\t\t\t\t#rt-tooltip-1226001330, \n\t\t\t\t#rt-tpg-container-1226001330 .rt-filter-item-wrap.rt-filter-button-wrap span.rt-filter-button-item,\n\t\t\t\t#rt-tpg-container-1226001330 .rt-layout-filter-container .rt-filter-sub-tax.sub-button-group .rt-filter-button-item,\n\t\t\t\t#rt-tpg-container-1226001330 .rt-layout-filter-container .rt-filter-wrap .rt-filter-item-wrap.rt-sort-order-action,\n\t\t\t\t#rt-tpg-container-1226001330 .rt-layout-filter-container .rt-filter-wrap .rt-filter-item-wrap.rt-filter-dropdown-wrap .rt-filter-dropdown .rt-filter-dropdown-item,\n\t\t\t\t#rt-tpg-container-1226001330.rt-tpg-container .rt-pagination-wrap .rt-page-numbers .paginationjs .paginationjs-pages ul li>a,\n\t\t\t\t#rt-tpg-container-1226001330.rt-tpg-container .rt-pagination-wrap .rt-cb-page-prev-next > *,\n\t\t\t\t#rt-tpg-container-1226001330.rt-tpg-container .rt-pagination-wrap  .rt-loadmore-btn,\n\t\t\t\t#rt-tooltip-1226001330 .rt-tooltip-bottom:after{color:#ffffff;}#rt-tpg-container-1226001330 .read-more{border-radius:px;}<\/style><div class='rt-container-fluid rt-tpg-container ' id='rt-tpg-container-1226001330'   data-layout='layout12' data-desktop-col='3'  data-tab-col='3'  data-mobile-col='1' data-sc-id='10382'><div data-title='Loading ...' class='rt-row rt-content-loader layout12 tpg-even '><div class=\"rt-col-md-4 rt-col-sm-4 rt-col-xs-12 even-grid-item rt-grid-item\" data-id=\"13292\"><div class=\"rt-holder rt-with-title-above\"><div class=\"rt-detail rt-with-title\"><h3 class='entry-title'><a data-id='13292' class='' href='https:\/\/netzwerk-homoeopathie.info\/en\/homoeopathie-an-der-universitaet-bern-und-das-schweizer-hta-zur-homoeopathie\/' target='_blank'>Hom\u00f6opathie an der Universit\u00e4t Bern \u2013 und das Schweizer HTA zur Hom\u00f6opathie<\/a><\/h3><\/div><div class='rt-detail'><div class=\"post-meta-user\"><span class='date-meta'><i class='fa fa-calendar'><\/i> 28. April 2026<\/span><span class='categories-links'><i class='fa fa-folder-open-o'><\/i><a href=\"https:\/\/netzwerk-homoeopathie.info\/en\/category\/standpunkte\/\" rel=\"tag\">Points of View<\/a><\/span><\/div><div class='tpg-excerpt'>Lesedauer \/ Reading Time:  5 minEs gibt wissenschaftliche Einrichtungen, deren Bedeutung weniger aus ihren Forschungsergebnissen erw\u00e4chst als aus der Rolle, die sie im \u00f6ffentlichen &#8230;<\/div><div class='post-meta'><span class='read-more'><a data-id='13292' class='' href='https:\/\/netzwerk-homoeopathie.info\/en\/homoeopathie-an-der-universitaet-bern-und-das-schweizer-hta-zur-homoeopathie\/' target='_blank'>Weiterlesen<\/a><\/span><\/div><\/div><\/div><\/div><div class=\"rt-col-md-4 rt-col-sm-4 rt-col-xs-12 even-grid-item rt-grid-item\" data-id=\"13280\"><div class=\"rt-holder rt-with-title-above\"><div class=\"rt-detail rt-with-title\"><h3 class='entry-title'><a data-id='13280' class='' href='https:\/\/netzwerk-homoeopathie.info\/en\/homoeopathie-in-der-schweiz-der-gordische-knoten-bleibt-unangetastet\/' target='_blank'>Hom\u00f6opathie in der Schweiz &#8211; der Gordische Knoten bleibt unangetastet<\/a><\/h3><\/div><div class='rt-detail'><div class=\"post-meta-user\"><span class='date-meta'><i class='fa fa-calendar'><\/i> 26. April 2026<\/span><span class='categories-links'><i class='fa fa-folder-open-o'><\/i><a href=\"https:\/\/netzwerk-homoeopathie.info\/en\/category\/standpunkte\/\" rel=\"tag\">Points of View<\/a><\/span><\/div><div class='tpg-excerpt'>Lesedauer \/ Reading Time:  3 minEs geh\u00f6rt zu den Merkw\u00fcrdigkeiten der Schweizer Gesundheitspolitik, dass kaum ein anderes Thema so zuverl\u00e4ssig in zyklische Wiederholungen zur\u00fcckf\u00e4llt &#8230;<\/div><div class='post-meta'><span class='read-more'><a data-id='13280' class='' href='https:\/\/netzwerk-homoeopathie.info\/en\/homoeopathie-in-der-schweiz-der-gordische-knoten-bleibt-unangetastet\/' target='_blank'>Weiterlesen<\/a><\/span><\/div><\/div><\/div><\/div><div class=\"rt-col-md-4 rt-col-sm-4 rt-col-xs-12 even-grid-item rt-grid-item\" data-id=\"13270\"><div class=\"rt-holder rt-with-title-above\"><div class=\"rt-detail rt-with-title\"><h3 class='entry-title'><a data-id='13270' class='' href='https:\/\/netzwerk-homoeopathie.info\/en\/offener-brief-an-staatssekretaer-tino-sorge-bmg-zur-evidenz-im-oeffentlichen-gesundheitswesen\/' target='_blank'>Offener Brief an Staatssekret\u00e4r Tino Sorge, BMG, zur Evidenz im \u00f6ffentlichen Gesundheitswesen<\/a><\/h3><\/div><div class='rt-detail'><div class=\"post-meta-user\"><span class='date-meta'><i class='fa fa-calendar'><\/i> 25. April 2026<\/span><span class='categories-links'><i class='fa fa-folder-open-o'><\/i><a href=\"https:\/\/netzwerk-homoeopathie.info\/en\/category\/standpunkte\/\" rel=\"tag\">Points of View<\/a><\/span><\/div><div class='tpg-excerpt'>Lesedauer \/ Reading Time:  &lt; 1 minMit dem j\u00fcngsten GKV\u2011Finanzierungspapier hat die Bundesregierung erstmals deutlich gemacht, dass Evidenz ein verbindliches Kriterium f\u00fcr Finanzierung und &#8230;<\/div><div class='post-meta'><span class='read-more'><a data-id='13270' class='' href='https:\/\/netzwerk-homoeopathie.info\/en\/offener-brief-an-staatssekretaer-tino-sorge-bmg-zur-evidenz-im-oeffentlichen-gesundheitswesen\/' target='_blank'>Weiterlesen<\/a><\/span><\/div><\/div><\/div><\/div><\/div><\/div>","protected":false},"excerpt":{"rendered":"","protected":false},"author":1,"featured_media":0,"parent":0,"menu_order":0,"comment_status":"closed","ping_status":"closed","template":"","meta":{"footnotes":""},"class_list":["post-10427","page","type-page","status-publish","hentry"],"translation":{"provider":"WPGlobus","version":"3.0.2","language":"en","enabled_languages":["de","en"],"languages":{"de":{"title":true,"content":true,"excerpt":false},"en":{"title":true,"content":true,"excerpt":false}}},"yoast_head":"<!-- This site is optimized with the Yoast SEO plugin v27.4 - https:\/\/yoast.com\/product\/yoast-seo-wordpress\/ -->\n<title>Test for ThePostGrid WPGlobus - Information Network Homeopathy<\/title>\n<meta name=\"robots\" content=\"index, follow, max-snippet:-1, max-image-preview:large, max-video-preview:-1\" \/>\n<link rel=\"canonical\" href=\"https:\/\/netzwerk-homoeopathie.info\/test-fuer-postgrid-wpglobus\/\" \/>\n<meta property=\"og:locale\" content=\"en_US\" \/>\n<meta property=\"og:type\" content=\"article\" \/>\n<meta property=\"og:title\" content=\"Test for ThePostGrid WPGlobus - Information Network Homeopathy\" \/>\n<meta property=\"og:url\" content=\"https:\/\/netzwerk-homoeopathie.info\/test-fuer-postgrid-wpglobus\/\" \/>\n<meta property=\"og:site_name\" content=\"Information Network Homeopathy\" \/>\n<meta property=\"article:publisher\" content=\"https:\/\/www.facebook.com\/Informationsnetzwerk-Hom%c3%b6opathie-INH-249989248680621\/\" \/>\n<meta property=\"article:modified_time\" content=\"2022-09-01T22:50:56+00:00\" \/>\n<meta property=\"og:image\" content=\"https:\/\/netzwerk-homoeopathie.info\/wp-content\/uploads\/2019\/05\/Beitragsbild-neue-Seite-deutsch-e1558572879337.jpg\" \/>\n\t<meta property=\"og:image:width\" content=\"600\" \/>\n\t<meta property=\"og:image:height\" content=\"314\" \/>\n\t<meta property=\"og:image:type\" content=\"image\/jpeg\" \/>\n<meta name=\"twitter:card\" content=\"summary_large_image\" \/>\n<meta name=\"twitter:site\" content=\"@homeopathy_inh\" \/>\n<script type=\"application\/ld+json\" class=\"yoast-schema-graph\">{\"@context\":\"https:\\\/\\\/schema.org\",\"@graph\":[{\"@type\":\"WebPage\",\"@id\":\"https:\\\/\\\/netzwerk-homoeopathie.info\\\/test-fuer-postgrid-wpglobus\\\/\",\"url\":\"https:\\\/\\\/netzwerk-homoeopathie.info\\\/test-fuer-postgrid-wpglobus\\\/\",\"name\":\"Test for ThePostGrid WPGlobus - Information Network Homeopathy\",\"isPartOf\":{\"@id\":\"https:\\\/\\\/netzwerk-homoeopathie.info\\\/#website\"},\"datePublished\":\"2022-09-01T22:49:16+00:00\",\"dateModified\":\"2022-09-01T22:50:56+00:00\",\"breadcrumb\":{\"@id\":\"https:\\\/\\\/netzwerk-homoeopathie.info\\\/test-fuer-postgrid-wpglobus\\\/#breadcrumb\"},\"inLanguage\":\"en-US\",\"potentialAction\":[{\"@type\":\"ReadAction\",\"target\":[\"https:\\\/\\\/netzwerk-homoeopathie.info\\\/test-fuer-postgrid-wpglobus\\\/\"]}]},{\"@type\":\"BreadcrumbList\",\"@id\":\"https:\\\/\\\/netzwerk-homoeopathie.info\\\/test-fuer-postgrid-wpglobus\\\/#breadcrumb\",\"itemListElement\":[{\"@type\":\"ListItem\",\"position\":1,\"name\":\"Startseite\",\"item\":\"https:\\\/\\\/netzwerk-homoeopathie.info\\\/\"},{\"@type\":\"ListItem\",\"position\":2,\"name\":\"Test f\u00fcr PostGrid WPGlobus\"}]},{\"@type\":\"WebSite\",\"@id\":\"https:\\\/\\\/netzwerk-homoeopathie.info\\\/#website\",\"url\":\"https:\\\/\\\/netzwerk-homoeopathie.info\\\/\",\"name\":\"Informations\u00adnetzwerk Hom\u00f6opathie\",\"description\":\"We explain - you have the choice\",\"publisher\":{\"@id\":\"https:\\\/\\\/netzwerk-homoeopathie.info\\\/#organization\"},\"potentialAction\":[{\"@type\":\"SearchAction\",\"target\":{\"@type\":\"EntryPoint\",\"urlTemplate\":\"https:\\\/\\\/netzwerk-homoeopathie.info\\\/?s={search_term_string}\"},\"query-input\":{\"@type\":\"PropertyValueSpecification\",\"valueRequired\":true,\"valueName\":\"search_term_string\"}}],\"inLanguage\":\"en-US\"},{\"@type\":\"Organization\",\"@id\":\"https:\\\/\\\/netzwerk-homoeopathie.info\\\/#organization\",\"name\":\"Informationsnetzwerk Hom\u00f6opathie\",\"url\":\"https:\\\/\\\/netzwerk-homoeopathie.info\\\/\",\"logo\":{\"@type\":\"ImageObject\",\"inLanguage\":\"en-US\",\"@id\":\"https:\\\/\\\/netzwerk-homoeopathie.info\\\/#\\\/schema\\\/logo\\\/image\\\/\",\"url\":\"https:\\\/\\\/netzwerk-homoeopathie.info\\\/wp-content\\\/uploads\\\/2019\\\/02\\\/iLogo-Schatten-1.png\",\"contentUrl\":\"https:\\\/\\\/netzwerk-homoeopathie.info\\\/wp-content\\\/uploads\\\/2019\\\/02\\\/iLogo-Schatten-1.png\",\"width\":682,\"height\":625,\"caption\":\"Informationsnetzwerk Hom\u00f6opathie\"},\"image\":{\"@id\":\"https:\\\/\\\/netzwerk-homoeopathie.info\\\/#\\\/schema\\\/logo\\\/image\\\/\"},\"sameAs\":[\"https:\\\/\\\/www.facebook.com\\\/Informationsnetzwerk-Hom\u00f6opathie-INH-249989248680621\\\/\",\"https:\\\/\\\/x.com\\\/homeopathy_inh\",\"https:\\\/\\\/de.wikipedia.org\\\/wiki\\\/Informationsnetzwerk_Hom\u00f6opathie\"]}]}<\/script>\n<!-- \/ Yoast SEO plugin. -->","yoast_head_json":{"title":"Test for ThePostGrid WPGlobus - Information Network Homeopathy","robots":{"index":"index","follow":"follow","max-snippet":"max-snippet:-1","max-image-preview":"max-image-preview:large","max-video-preview":"max-video-preview:-1"},"canonical":"https:\/\/netzwerk-homoeopathie.info\/test-fuer-postgrid-wpglobus\/","og_locale":"en_US","og_type":"article","og_title":"Test for ThePostGrid WPGlobus - Information Network Homeopathy","og_url":"https:\/\/netzwerk-homoeopathie.info\/test-fuer-postgrid-wpglobus\/","og_site_name":"Information Network Homeopathy","article_publisher":"https:\/\/www.facebook.com\/Informationsnetzwerk-Hom%c3%b6opathie-INH-249989248680621\/","article_modified_time":"2022-09-01T22:50:56+00:00","og_image":[{"width":600,"height":314,"url":"https:\/\/netzwerk-homoeopathie.info\/wp-content\/uploads\/2019\/05\/Beitragsbild-neue-Seite-deutsch-e1558572879337.jpg","type":"image\/jpeg"}],"twitter_card":"summary_large_image","twitter_site":"@homeopathy_inh","schema":{"@context":"https:\/\/schema.org","@graph":[{"@type":"WebPage","@id":"https:\/\/netzwerk-homoeopathie.info\/test-fuer-postgrid-wpglobus\/","url":"https:\/\/netzwerk-homoeopathie.info\/test-fuer-postgrid-wpglobus\/","name":"Test for ThePostGrid WPGlobus - Information Network Homeopathy","isPartOf":{"@id":"https:\/\/netzwerk-homoeopathie.info\/#website"},"datePublished":"2022-09-01T22:49:16+00:00","dateModified":"2022-09-01T22:50:56+00:00","breadcrumb":{"@id":"https:\/\/netzwerk-homoeopathie.info\/test-fuer-postgrid-wpglobus\/#breadcrumb"},"inLanguage":"en-US","potentialAction":[{"@type":"ReadAction","target":["https:\/\/netzwerk-homoeopathie.info\/test-fuer-postgrid-wpglobus\/"]}]},{"@type":"BreadcrumbList","@id":"https:\/\/netzwerk-homoeopathie.info\/test-fuer-postgrid-wpglobus\/#breadcrumb","itemListElement":[{"@type":"ListItem","position":1,"name":"Startseite","item":"https:\/\/netzwerk-homoeopathie.info\/"},{"@type":"ListItem","position":2,"name":"Test f\u00fcr PostGrid WPGlobus"}]},{"@type":"WebSite","@id":"https:\/\/netzwerk-homoeopathie.info\/#website","url":"https:\/\/netzwerk-homoeopathie.info\/","name":"Informations\u00adnetzwerk Hom\u00f6opathie","description":"We explain - you have the choice","publisher":{"@id":"https:\/\/netzwerk-homoeopathie.info\/#organization"},"potentialAction":[{"@type":"SearchAction","target":{"@type":"EntryPoint","urlTemplate":"https:\/\/netzwerk-homoeopathie.info\/?s={search_term_string}"},"query-input":{"@type":"PropertyValueSpecification","valueRequired":true,"valueName":"search_term_string"}}],"inLanguage":"en-US"},{"@type":"Organization","@id":"https:\/\/netzwerk-homoeopathie.info\/#organization","name":"Informationsnetzwerk Hom\u00f6opathie","url":"https:\/\/netzwerk-homoeopathie.info\/","logo":{"@type":"ImageObject","inLanguage":"en-US","@id":"https:\/\/netzwerk-homoeopathie.info\/#\/schema\/logo\/image\/","url":"https:\/\/netzwerk-homoeopathie.info\/wp-content\/uploads\/2019\/02\/iLogo-Schatten-1.png","contentUrl":"https:\/\/netzwerk-homoeopathie.info\/wp-content\/uploads\/2019\/02\/iLogo-Schatten-1.png","width":682,"height":625,"caption":"Informationsnetzwerk Hom\u00f6opathie"},"image":{"@id":"https:\/\/netzwerk-homoeopathie.info\/#\/schema\/logo\/image\/"},"sameAs":["https:\/\/www.facebook.com\/Informationsnetzwerk-Hom\u00f6opathie-INH-249989248680621\/","https:\/\/x.com\/homeopathy_inh","https:\/\/de.wikipedia.org\/wiki\/Informationsnetzwerk_Hom\u00f6opathie"]}]}},"featured_image_src":null,"featured_image_src_square":null,"jetpack_sharing_enabled":true,"_links":{"self":[{"href":"https:\/\/netzwerk-homoeopathie.info\/en\/wp-json\/wp\/v2\/pages\/10427","targetHints":{"allow":["GET"]}}],"collection":[{"href":"https:\/\/netzwerk-homoeopathie.info\/en\/wp-json\/wp\/v2\/pages"}],"about":[{"href":"https:\/\/netzwerk-homoeopathie.info\/en\/wp-json\/wp\/v2\/types\/page"}],"author":[{"embeddable":true,"href":"https:\/\/netzwerk-homoeopathie.info\/en\/wp-json\/wp\/v2\/users\/1"}],"replies":[{"embeddable":true,"href":"https:\/\/netzwerk-homoeopathie.info\/en\/wp-json\/wp\/v2\/comments?post=10427"}],"version-history":[{"count":0,"href":"https:\/\/netzwerk-homoeopathie.info\/en\/wp-json\/wp\/v2\/pages\/10427\/revisions"}],"wp:attachment":[{"href":"https:\/\/netzwerk-homoeopathie.info\/en\/wp-json\/wp\/v2\/media?parent=10427"}],"curies":[{"name":"wp","href":"https:\/\/api.w.org\/{rel}","templated":true}]}}