{"id":2830,"date":"2019-05-03T02:28:45","date_gmt":"2019-05-03T00:28:45","guid":{"rendered":"https:\/\/netzwerk-homoeopathie.info\/?p=2830"},"modified":"2026-04-28T20:24:34","modified_gmt":"2026-04-28T18:24:34","slug":"literatur-und-blogempfehlungen","status":"publish","type":"page","link":"https:\/\/netzwerk-homoeopathie.info\/en\/literatur-und-blogempfehlungen\/","title":{"rendered":"This content is not available in English"},"content":{"rendered":"<p><img loading=\"lazy\" decoding=\"async\" class=\"wp-image-8871 aligncenter\" src=\"https:\/\/netzwerk-homoeopathie.info\/wp-content\/uploads\/2019\/05\/Bild_2021-01-15_112816.png\" alt=\"\" width=\"600\" height=\"314\" srcset=\"https:\/\/netzwerk-homoeopathie.info\/wp-content\/uploads\/2019\/05\/Bild_2021-01-15_112816.png 1600w, https:\/\/netzwerk-homoeopathie.info\/wp-content\/uploads\/2019\/05\/Bild_2021-01-15_112816-300x157.png 300w, https:\/\/netzwerk-homoeopathie.info\/wp-content\/uploads\/2019\/05\/Bild_2021-01-15_112816-1024x537.png 1024w, https:\/\/netzwerk-homoeopathie.info\/wp-content\/uploads\/2019\/05\/Bild_2021-01-15_112816-768x402.png 768w, https:\/\/netzwerk-homoeopathie.info\/wp-content\/uploads\/2019\/05\/Bild_2021-01-15_112816-1536x805.png 1536w\" sizes=\"auto, (max-width: 600px) 100vw, 600px\" \/><\/p>\n<p>Literatur \u00fcber Hom\u00f6opathie gibt es unglaublich viel. Kritische B\u00fccher und Blogs sind eher selten. Viele davon stammen von MitgliederInnen unseres Netzwerks, die sich fundiert mit den Irrt\u00fcmern der Hom\u00f6opathie im Besonderen und der Pseudomedizin im Allgemeinen befassen.<\/p>\n<p>Wir empfehlen Ihnen:<\/p>\n<h2>B\u00fccher unserer Mitglieder \/ Unterst\u00fctzer<\/h2>\n<p>Aust, Norbert: <a href=\"http:\/\/www.beweisaufnahme-homoeopathie.de\/?page_id=72\/\" target=\"_blank\" rel=\"noopener noreferrer\">In Sachen Hom\u00f6opathie &#8211; eine Beweisaufnahme<\/a>, Eigenverlag, 2013<\/p>\n<p>Berndt, Edmund:\u00a0<a href=\"http:\/\/www.amazon.de\/Pillendreh-Ein-Apotheker-packt-aus\/dp\/3851672356\/ref=sr_1_1?s=books&amp;ie=UTF8&amp;qid=1457722956&amp;sr=1-1&amp;keywords=der+pillendreh\" target=\"_blank\" rel=\"noopener noreferrer\">Der Pillendreh<\/a>, Ein Apotheker packt aus, Edition Va bene, 2009<\/p>\n<p>Ernst, Edzard:\u00a0<a href=\"http:\/\/www.amazon.de\/Nazis-Nadeln-Intrigen-Erinnerungen-Skeptikers\/dp\/3944342569\" target=\"_blank\" rel=\"noopener noreferrer\">Nazis, Nadeln und Intrigen<\/a>, Erinnerungen eines Skeptikers, JMB Verlag, 2015<\/p>\n<p>Ernst, Edzard; Singh, Simon:\u00a0<a href=\"http:\/\/www.amazon.de\/Gesund-ohne-Pillen-kann-Alternativmedizin\/dp\/3446245545\/ref=sr_1_1?s=books&amp;ie=UTF8&amp;qid=1457722927&amp;sr=1-1&amp;keywords=gesund+ohne+pillen\" target=\"_blank\" rel=\"noopener noreferrer\">Gesund ohne Pillen<\/a>\u00a0&#8211; was kann die Alternativmedizin? Hanser Verlag, 2009<\/p>\n<p>Ernst, Edzard: <a href=\"https:\/\/www.springer.com\/de\/book\/9783662549452\" target=\"_blank\" rel=\"noopener noreferrer\">Hom\u00f6opathie &#8211; Die Fakten [unverd\u00fcnnt]<\/a>, Springer Heidelberg, 2018<\/p>\n<p>Ernst, Edzard: <a href=\"http:\/\/jmb-verlag.de\" target=\"_blank\" rel=\"noopener noreferrer\">SchmU: Schein-medizinischer Unfug<\/a>, JMB Verlag, 2019<\/p>\n<p>Grams, Natalie:\u00a0<a href=\"https:\/\/www.springer.com\/gp\/book\/9783662555484\" target=\"_blank\" rel=\"noopener noreferrer\">Hom\u00f6opathie neu gedacht<\/a>, Was Patienten wirklich hilft, Springer Verlag, 2015 (2. Auflage 2017) &#8211;<br \/>\nEnglische Ausgabe &#8220;<a style=\"font-size: 1rem;\" href=\"https:\/\/www.springer.com\/gp\/book\/9783030005085\" target=\"_blank\" rel=\"noopener noreferrer\">Homeopathy reconsidered<\/a> &#8211; What Patients really helps&#8221;, 2019<\/p>\n<p>Grams, Natalie: <a href=\"https:\/\/www.springer.com\/gp\/book\/9783662547984\" target=\"_blank\" rel=\"noopener noreferrer\">Gesundheit! Ein Buch nicht ohne Nebenwirkungen<\/a>; Springer Verlag, 2017<\/p>\n<p>Grams, Natalie: <a href=\"https:\/\/www.aufbau-verlag.de\/index.php\/was-wirklich-wirkt.html\" target=\"_blank\" rel=\"noopener\">Was wirklich wirkt &#8211; Kompass durch die Welt der sanften Medizin<\/a>; Aufbau-Verlag, 2020<\/p>\n<p>Jachan, Michael:\u00a0<a href=\"https:\/\/link.springer.com\/book\/10.1007\/978-3-662-69899-0\" target=\"_blank\" rel=\"noopener\"><span id=\"productTitle\" class=\"a-size-large product-title-word-break\">Paranormale Behauptungen auf dem Pr\u00fcfstand: Von W\u00fcnschelruten, Elektrosmog und Parapsychologie.<\/span><\/a> Springer Nature, 2025<\/p>\n<p>Lambeck, Martin:\u00a0<a href=\"http:\/\/www.chbeck.de\/Lambeck-Irrt-Physik\/productview.aspx?product=13412\" target=\"_blank\" rel=\"noopener noreferrer\">Irrt die Physik?<\/a><span style=\"font-size: 1rem;\"> \u00dcber alternative Medizin und Esoterik, Beck Verlag, 2003<\/span><\/p>\n<p>Much, Theodor:\u00a0<a href=\"http:\/\/www.amazon.de\/Der-gro%C3%9Fe-Bluff-Irrwege-Alternativmedizin\/dp\/3902903104\/ref=pd_sim_14_15?ie=UTF8&amp;dpID=41OBzGLbNmL&amp;dpSrc=sims&amp;preST=_AC_UL160_SR100%2C160_&amp;refRID=0PQ5XJ9NTRAFF83TP0PJ\" target=\"_blank\" rel=\"noopener noreferrer\">Der gro\u00dfe Bluff<\/a>: Irrwege und L\u00fcgen der Alternativmedizin, Goldegg Verlag, 2013<\/p>\n<p>Mukerji, Nikil: <a href=\"https:\/\/www.springer.com\/de\/book\/9783662503386?gclid=CjwKCAjwlPTmBRBoEiwAHqpvhW0IgokeMoj4xqo93OeZiheZeZ8WfU1kg6Vp2yUfSqxav3dp91nuQBoCFPgQAvD_BwE\" target=\"_blank\" rel=\"noopener noreferrer\">Die 10 Gebote des gesunden Menschenverstandes<\/a> &#8211; Zentrale Regeln vern\u00fcnftigen Denkens, Springer Verlag, 2017<\/p>\n<p>Schmacke, Norbert:\u00a0<a href=\"http:\/\/www.suhrkamp.de\/buecher\/der_glaube_an_die_globuli-_46639.html\" target=\"_blank\" rel=\"noopener noreferrer\">Der Glaube an die Globuli<\/a>. Die Verhei\u00dfungen der Hom\u00f6opathie, Suhrkamp Verlag, 2015<\/p>\n<p>Schmidt, Elvira \/ Graf, Dittmar: <a href=\"https:\/\/www.bod.de\/buchshop\/medizin-und-wissenschaft-elvira-schmidt-9783750487369\" target=\"_blank\" rel=\"noopener\">Medizin und Wissenschaft, <\/a>Grundlagen f\u00fcr eine sachgerechte Gesundheitsf\u00f6rderung &#8211; Praxismaterialien f\u00fcr den Unterricht (nicht nur f\u00fcr P\u00e4dagogen&#8230;), BoD 2020<\/p>\n<p>Vahle, Wolfgang:\u00a0<a href=\"http:\/\/www.hno-vahle.de\/blog-als-buch\/\" target=\"_blank\" rel=\"noopener noreferrer\">Nichts als Ohren im Kopf<\/a>: Faszinierende Welten im Spiegel eines HNO-Arztes<\/p>\n<p>Weymayr, Christian; Hei\u00dfmann, Nicole:\u00a0<a href=\"http:\/\/www.amazon.de\/Die-Hom%C3%B6opathie-L%C3%BCge-gef%C3%A4hrlich-wei%C3%9Fen-K%C3%BCgelchen\/dp\/3492055362\/ref=pd_bxgy_14_img_2?ie=UTF8&amp;refRID=0SJE64S4RFHTDSTKY3CE\" target=\"_blank\" rel=\"noopener noreferrer\">Die Hom\u00f6opathie -L\u00fcge<\/a>: So gef\u00e4hrlich ist die Lehre von den wei\u00dfen K\u00fcgelchen, Piper Verlag, 2012<\/p>\n<hr \/>\n<h2>Blogs unserer Mitglieder \/ Unterst\u00fctzer<\/h2>\n<p><a href=\"http:\/\/www.beweisaufnahme-homoeopathie.de\/blog\/\" target=\"_blank\" rel=\"noopener noreferrer\"><strong>Beweisaufnahme Hom\u00f6opathie<\/strong><\/a><\/p>\n<p><a href=\"https:\/\/diaphanoskopie.wordpress.com\/\" target=\"_blank\" rel=\"noopener noreferrer\"><strong>Diaphanoskopie<\/strong><\/a><\/p>\n<p><a href=\"http:\/\/edzardernst.com\/\" target=\"_blank\" rel=\"noopener noreferrer\"><strong>Edzard Ernst<\/strong><\/a><\/p>\n<p><strong><a href=\"https:\/\/scienceandsenseblog.wordpress.com\" target=\"_blank\" rel=\"noopener\">Science and Sense<\/a><\/strong><\/p>\n<p><a href=\"https:\/\/excanwahn.wordpress.com\/\" target=\"_blank\" rel=\"noopener noreferrer\"><strong>Bullshit<\/strong><\/a><strong>!<\/strong> &#8211; Anmerkungen zur Alternativmedizin und anderem Unsinn<\/p>\n<p><a href=\"http:\/\/blog.gwup.net\/\" target=\"_blank\" rel=\"noopener noreferrer\"><strong>GWUP<\/strong><\/a><\/p>\n<p><a href=\"http:\/\/homoeotology.com\/\" target=\"_blank\" rel=\"noopener noreferrer\"><strong>Hom\u00f6otology &#8211; sanfte Infos zum Sektenausstieg\u00a0<\/strong><\/a><\/p>\n<p><a href=\"https:\/\/onkelmichael.blog\" target=\"_blank\" rel=\"noopener\"><strong>Onkel Michaels kleine Welt<\/strong><\/a><\/p>\n<p><a href=\"https:\/\/ratgebernewsblog2.wordpress.com\/\" target=\"_blank\" rel=\"noopener noreferrer\"><strong>Ratgebernewsblog<\/strong><\/a><\/p>\n<hr \/>\n<h2>Weitere empfehlenswerte B\u00fccher<\/h2>\n<p>Dobelli, Rolf: Die Kunst des klaren Denkens: 52 Denkfehler, die Sie besser anderen \u00fcberlassen, Hanser Verlag, 2011<\/p>\n<p>Goldacre, Ben: Die Wissenschaftsl\u00fcge, Wie uns Pseudo-Wissenschaftler das Leben schwer machen, Fischer Verlag, 2010<\/p>\n<p>Goldacre, Ben: Die Pharma-L\u00fcge, Wie Arzneimittelkonzerne \u00c4rzte irref\u00fchren und Patienten sch\u00e4digen, Kiebenheuer und Witsch Verlag, 2013<\/p>\n<p>Kahneman, Daniel: Schnelles Denken, langsames Denken, Penguin Pocketbook, 2016<\/p>\n<p>Lammers, Christoph; Graf, Dittmar: Anders heilen? Wo die Alternativmedizin irrt, Alibri Verlag, 2015<\/p>\n<p>Wo ist der Beweis? Pl\u00e4doyer f\u00fcr eine evidenzbasierte Medizin &#8211;<a href=\"http:\/\/de.testingtreatments.org\/tt-main-text\/\" target=\"_blank\" rel=\"noopener noreferrer\">Buch im Volltext als PDF &#8211; kostenlos<\/a><\/p>\n<div>\n<hr \/>\n<\/div>\n<h2>Weitere interessante Blogs<\/h2>\n<p><a href=\"https:\/\/kinderdok.blog\/\" target=\"_blank\" rel=\"noopener noreferrer\">Geschichten aus der Kinderarztpraxis<\/a>\u00a0(&#8220;Kinderdok&#8221;)<\/p>\n<p><a href=\"http:\/\/www.gesunder-menschenverstand.online\/\" target=\"_blank\" rel=\"noopener noreferrer\">Gesunder Menschenverstand\u00a0<\/a><\/p>\n<p><a href=\"http:\/\/scienceblogs.de\/gesundheits-check\/\" target=\"_blank\" rel=\"noopener noreferrer\">Gesundheits-Check<\/a><\/p>\n<p><a href=\"https:\/\/www.krebsinformationsdienst.de\/\" target=\"_blank\" rel=\"noopener noreferrer\">Krebsinformationsdienst<\/a><\/p>\n<p><a href=\"https:\/\/naturwissenschaftlichebildung.wordpress.com\/\" target=\"_blank\" rel=\"noopener noreferrer\">Naturwissenschaftliche Bildung<\/a>: &#8220;Mit Nichts l\u00e4sst sich viel Geld verdienen \u2013 wenn es \u00fcberzeugend verkauft wird. Was Schlehmihl aus der Sesamstrasse nur versucht, gelingt der Hom\u00f6opathie wesentlich besser, und das seit \u00fcber 200 Jahren. J\u00e4hrlich geben die Deutschen mehr als eine halbe Milliarde Euro f\u00fcr hom\u00f6opathische Mittel aus. Ein gl\u00e4nzendes Gesch\u00e4ft, denn der Materialeinsatz ist \u00e4u\u00dferst \u00fcberschaubar.&#8221;<\/p>\n<p><a href=\"http:\/\/www.ratioblog.de\/\" target=\"_blank\" rel=\"noopener noreferrer\">Ratioblog<\/a><\/p>\n<hr \/>\n<p>Bild von <a href=\"https:\/\/pixabay.com\/de\/users\/geralt-9301\/?utm_source=link-attribution&amp;utm_medium=referral&amp;utm_campaign=image&amp;utm_content=4158244\">Gerd Altmann<\/a> auf <a href=\"https:\/\/pixabay.com\/de\/?utm_source=link-attribution&amp;utm_medium=referral&amp;utm_campaign=image&amp;utm_content=4158244\">Pixabay<\/a><\/p>\n","protected":false},"excerpt":{"rendered":"<p>Literatur \u00fcber Hom\u00f6opathie gibt es unglaublich viel. Kritische B\u00fccher und Blogs sind eher selten. Viele davon stammen von MitgliederInnen unseres Netzwerks, die sich fundiert mit den Irrt\u00fcmern der Hom\u00f6opathie im Besonderen und der Pseudomedizin im Allgemeinen befassen. Wir empfehlen Ihnen: B\u00fccher unserer Mitglieder \/ Unterst\u00fctzer Aust, Norbert: In Sachen Hom\u00f6opathie &#8211; eine Beweisaufnahme, Eigenverlag, 2013 &hellip; <\/p>\n<p class=\"link-more\"><a href=\"https:\/\/netzwerk-homoeopathie.info\/en\/literatur-und-blogempfehlungen\/\" class=\"more-link\">Continue reading<span class=\"screen-reader-text\"> &#8220;This content is not available in English&#8221;<\/span><\/a><\/p>\n","protected":false},"author":1,"featured_media":0,"parent":0,"menu_order":0,"comment_status":"closed","ping_status":"open","template":"","meta":{"jetpack_post_was_ever_published":false,"footnotes":""},"class_list":["post-2830","page","type-page","status-publish","hentry"],"translation":{"provider":"WPGlobus","version":"3.0.2","language":"en","enabled_languages":["de","en"],"languages":{"de":{"title":true,"content":true,"excerpt":false},"en":{"title":true,"content":false,"excerpt":false}}},"yoast_head":"<!-- This site is optimized with the Yoast SEO plugin v27.4 - https:\/\/yoast.com\/product\/yoast-seo-wordpress\/ -->\n<title>This content is not available in English - Information Network Homeopathy<\/title>\n<meta name=\"robots\" content=\"index, follow, max-snippet:-1, max-image-preview:large, max-video-preview:-1\" \/>\n<link rel=\"canonical\" href=\"https:\/\/netzwerk-homoeopathie.info\/literatur-und-blogempfehlungen\/\" \/>\n<meta property=\"og:locale\" content=\"en_US\" \/>\n<meta property=\"og:type\" content=\"article\" \/>\n<meta property=\"og:title\" content=\"This content is not available in English - Information Network Homeopathy\" \/>\n<meta property=\"og:url\" content=\"https:\/\/netzwerk-homoeopathie.info\/literatur-und-blogempfehlungen\/\" \/>\n<meta property=\"og:site_name\" content=\"Information Network Homeopathy\" \/>\n<meta property=\"article:publisher\" content=\"https:\/\/www.facebook.com\/Informationsnetzwerk-Hom%c3%b6opathie-INH-249989248680621\/\" \/>\n<meta property=\"article:modified_time\" content=\"2026-04-28T18:24:34+00:00\" \/>\n<meta property=\"og:image\" content=\"https:\/\/netzwerk-homoeopathie.info\/wp-content\/uploads\/2019\/05\/Bild_2021-01-15_112816.png\" \/>\n\t<meta property=\"og:image:width\" content=\"1600\" \/>\n\t<meta property=\"og:image:height\" content=\"838\" \/>\n\t<meta property=\"og:image:type\" content=\"image\/png\" \/>\n<meta name=\"twitter:card\" content=\"summary_large_image\" \/>\n<meta name=\"twitter:site\" content=\"@homeopathy_inh\" \/>\n<meta name=\"twitter:label1\" content=\"Est. reading time\" \/>\n\t<meta name=\"twitter:data1\" content=\"3 minutes\" \/>\n<script type=\"application\/ld+json\" class=\"yoast-schema-graph\">{\"@context\":\"https:\\\/\\\/schema.org\",\"@graph\":[{\"@type\":\"WebPage\",\"@id\":\"https:\\\/\\\/netzwerk-homoeopathie.info\\\/literatur-und-blogempfehlungen\\\/\",\"url\":\"https:\\\/\\\/netzwerk-homoeopathie.info\\\/literatur-und-blogempfehlungen\\\/\",\"name\":\"This content is not available in English - Information Network Homeopathy\",\"isPartOf\":{\"@id\":\"https:\\\/\\\/netzwerk-homoeopathie.info\\\/#website\"},\"primaryImageOfPage\":{\"@id\":\"https:\\\/\\\/netzwerk-homoeopathie.info\\\/literatur-und-blogempfehlungen\\\/#primaryimage\"},\"image\":{\"@id\":\"https:\\\/\\\/netzwerk-homoeopathie.info\\\/literatur-und-blogempfehlungen\\\/#primaryimage\"},\"thumbnailUrl\":\"https:\\\/\\\/netzwerk-homoeopathie.info\\\/wp-content\\\/uploads\\\/2019\\\/05\\\/Bild_2021-01-15_112816.png\",\"datePublished\":\"2019-05-03T00:28:45+00:00\",\"dateModified\":\"2026-04-28T18:24:34+00:00\",\"description\":\"B\u00fccher zu Hom\u00f6opathie gibt es viele - kritische Literatur und Blogs wenig. Unsere \u00dcbersicht.\",\"breadcrumb\":{\"@id\":\"https:\\\/\\\/netzwerk-homoeopathie.info\\\/literatur-und-blogempfehlungen\\\/#breadcrumb\"},\"inLanguage\":\"en-US\",\"potentialAction\":[{\"@type\":\"ReadAction\",\"target\":[\"https:\\\/\\\/netzwerk-homoeopathie.info\\\/literatur-und-blogempfehlungen\\\/\"]}]},{\"@type\":\"ImageObject\",\"inLanguage\":\"en-US\",\"@id\":\"https:\\\/\\\/netzwerk-homoeopathie.info\\\/literatur-und-blogempfehlungen\\\/#primaryimage\",\"url\":\"https:\\\/\\\/netzwerk-homoeopathie.info\\\/wp-content\\\/uploads\\\/2019\\\/05\\\/Bild_2021-01-15_112816.png\",\"contentUrl\":\"https:\\\/\\\/netzwerk-homoeopathie.info\\\/wp-content\\\/uploads\\\/2019\\\/05\\\/Bild_2021-01-15_112816.png\"},{\"@type\":\"BreadcrumbList\",\"@id\":\"https:\\\/\\\/netzwerk-homoeopathie.info\\\/literatur-und-blogempfehlungen\\\/#breadcrumb\",\"itemListElement\":[{\"@type\":\"ListItem\",\"position\":1,\"name\":\"Startseite\",\"item\":\"https:\\\/\\\/netzwerk-homoeopathie.info\\\/\"},{\"@type\":\"ListItem\",\"position\":2,\"name\":\"Literatur- und Blogempfehlungen\"}]},{\"@type\":\"WebSite\",\"@id\":\"https:\\\/\\\/netzwerk-homoeopathie.info\\\/#website\",\"url\":\"https:\\\/\\\/netzwerk-homoeopathie.info\\\/\",\"name\":\"Informations\u00adnetzwerk Hom\u00f6opathie\",\"description\":\"We explain - you have the choice\",\"publisher\":{\"@id\":\"https:\\\/\\\/netzwerk-homoeopathie.info\\\/#organization\"},\"potentialAction\":[{\"@type\":\"SearchAction\",\"target\":{\"@type\":\"EntryPoint\",\"urlTemplate\":\"https:\\\/\\\/netzwerk-homoeopathie.info\\\/?s={search_term_string}\"},\"query-input\":{\"@type\":\"PropertyValueSpecification\",\"valueRequired\":true,\"valueName\":\"search_term_string\"}}],\"inLanguage\":\"en-US\"},{\"@type\":\"Organization\",\"@id\":\"https:\\\/\\\/netzwerk-homoeopathie.info\\\/#organization\",\"name\":\"Informationsnetzwerk Hom\u00f6opathie\",\"url\":\"https:\\\/\\\/netzwerk-homoeopathie.info\\\/\",\"logo\":{\"@type\":\"ImageObject\",\"inLanguage\":\"en-US\",\"@id\":\"https:\\\/\\\/netzwerk-homoeopathie.info\\\/#\\\/schema\\\/logo\\\/image\\\/\",\"url\":\"https:\\\/\\\/netzwerk-homoeopathie.info\\\/wp-content\\\/uploads\\\/2019\\\/02\\\/iLogo-Schatten-1.png\",\"contentUrl\":\"https:\\\/\\\/netzwerk-homoeopathie.info\\\/wp-content\\\/uploads\\\/2019\\\/02\\\/iLogo-Schatten-1.png\",\"width\":682,\"height\":625,\"caption\":\"Informationsnetzwerk Hom\u00f6opathie\"},\"image\":{\"@id\":\"https:\\\/\\\/netzwerk-homoeopathie.info\\\/#\\\/schema\\\/logo\\\/image\\\/\"},\"sameAs\":[\"https:\\\/\\\/www.facebook.com\\\/Informationsnetzwerk-Hom\u00f6opathie-INH-249989248680621\\\/\",\"https:\\\/\\\/x.com\\\/homeopathy_inh\",\"https:\\\/\\\/de.wikipedia.org\\\/wiki\\\/Informationsnetzwerk_Hom\u00f6opathie\"]}]}<\/script>\n<!-- \/ Yoast SEO plugin. -->","yoast_head_json":{"title":"This content is not available in English - Information Network Homeopathy","robots":{"index":"index","follow":"follow","max-snippet":"max-snippet:-1","max-image-preview":"max-image-preview:large","max-video-preview":"max-video-preview:-1"},"canonical":"https:\/\/netzwerk-homoeopathie.info\/literatur-und-blogempfehlungen\/","og_locale":"en_US","og_type":"article","og_title":"This content is not available in English - Information Network Homeopathy","og_url":"https:\/\/netzwerk-homoeopathie.info\/literatur-und-blogempfehlungen\/","og_site_name":"Information Network Homeopathy","article_publisher":"https:\/\/www.facebook.com\/Informationsnetzwerk-Hom%c3%b6opathie-INH-249989248680621\/","article_modified_time":"2026-04-28T18:24:34+00:00","og_image":[{"width":1600,"height":838,"url":"https:\/\/netzwerk-homoeopathie.info\/wp-content\/uploads\/2019\/05\/Bild_2021-01-15_112816.png","type":"image\/png"}],"twitter_card":"summary_large_image","twitter_site":"@homeopathy_inh","twitter_misc":{"Est. reading time":"3 minutes"},"schema":{"@context":"https:\/\/schema.org","@graph":[{"@type":"WebPage","@id":"https:\/\/netzwerk-homoeopathie.info\/literatur-und-blogempfehlungen\/","url":"https:\/\/netzwerk-homoeopathie.info\/literatur-und-blogempfehlungen\/","name":"This content is not available in English - Information Network Homeopathy","isPartOf":{"@id":"https:\/\/netzwerk-homoeopathie.info\/#website"},"primaryImageOfPage":{"@id":"https:\/\/netzwerk-homoeopathie.info\/literatur-und-blogempfehlungen\/#primaryimage"},"image":{"@id":"https:\/\/netzwerk-homoeopathie.info\/literatur-und-blogempfehlungen\/#primaryimage"},"thumbnailUrl":"https:\/\/netzwerk-homoeopathie.info\/wp-content\/uploads\/2019\/05\/Bild_2021-01-15_112816.png","datePublished":"2019-05-03T00:28:45+00:00","dateModified":"2026-04-28T18:24:34+00:00","description":"B\u00fccher zu Hom\u00f6opathie gibt es viele - kritische Literatur und Blogs wenig. Unsere \u00dcbersicht.","breadcrumb":{"@id":"https:\/\/netzwerk-homoeopathie.info\/literatur-und-blogempfehlungen\/#breadcrumb"},"inLanguage":"en-US","potentialAction":[{"@type":"ReadAction","target":["https:\/\/netzwerk-homoeopathie.info\/literatur-und-blogempfehlungen\/"]}]},{"@type":"ImageObject","inLanguage":"en-US","@id":"https:\/\/netzwerk-homoeopathie.info\/literatur-und-blogempfehlungen\/#primaryimage","url":"https:\/\/netzwerk-homoeopathie.info\/wp-content\/uploads\/2019\/05\/Bild_2021-01-15_112816.png","contentUrl":"https:\/\/netzwerk-homoeopathie.info\/wp-content\/uploads\/2019\/05\/Bild_2021-01-15_112816.png"},{"@type":"BreadcrumbList","@id":"https:\/\/netzwerk-homoeopathie.info\/literatur-und-blogempfehlungen\/#breadcrumb","itemListElement":[{"@type":"ListItem","position":1,"name":"Startseite","item":"https:\/\/netzwerk-homoeopathie.info\/"},{"@type":"ListItem","position":2,"name":"Literatur- und Blogempfehlungen"}]},{"@type":"WebSite","@id":"https:\/\/netzwerk-homoeopathie.info\/#website","url":"https:\/\/netzwerk-homoeopathie.info\/","name":"Informations\u00adnetzwerk Hom\u00f6opathie","description":"We explain - you have the choice","publisher":{"@id":"https:\/\/netzwerk-homoeopathie.info\/#organization"},"potentialAction":[{"@type":"SearchAction","target":{"@type":"EntryPoint","urlTemplate":"https:\/\/netzwerk-homoeopathie.info\/?s={search_term_string}"},"query-input":{"@type":"PropertyValueSpecification","valueRequired":true,"valueName":"search_term_string"}}],"inLanguage":"en-US"},{"@type":"Organization","@id":"https:\/\/netzwerk-homoeopathie.info\/#organization","name":"Informationsnetzwerk Hom\u00f6opathie","url":"https:\/\/netzwerk-homoeopathie.info\/","logo":{"@type":"ImageObject","inLanguage":"en-US","@id":"https:\/\/netzwerk-homoeopathie.info\/#\/schema\/logo\/image\/","url":"https:\/\/netzwerk-homoeopathie.info\/wp-content\/uploads\/2019\/02\/iLogo-Schatten-1.png","contentUrl":"https:\/\/netzwerk-homoeopathie.info\/wp-content\/uploads\/2019\/02\/iLogo-Schatten-1.png","width":682,"height":625,"caption":"Informationsnetzwerk Hom\u00f6opathie"},"image":{"@id":"https:\/\/netzwerk-homoeopathie.info\/#\/schema\/logo\/image\/"},"sameAs":["https:\/\/www.facebook.com\/Informationsnetzwerk-Hom\u00f6opathie-INH-249989248680621\/","https:\/\/x.com\/homeopathy_inh","https:\/\/de.wikipedia.org\/wiki\/Informationsnetzwerk_Hom\u00f6opathie"]}]}},"featured_image_src":null,"featured_image_src_square":null,"jetpack_sharing_enabled":true,"_links":{"self":[{"href":"https:\/\/netzwerk-homoeopathie.info\/en\/wp-json\/wp\/v2\/pages\/2830","targetHints":{"allow":["GET"]}}],"collection":[{"href":"https:\/\/netzwerk-homoeopathie.info\/en\/wp-json\/wp\/v2\/pages"}],"about":[{"href":"https:\/\/netzwerk-homoeopathie.info\/en\/wp-json\/wp\/v2\/types\/page"}],"author":[{"embeddable":true,"href":"https:\/\/netzwerk-homoeopathie.info\/en\/wp-json\/wp\/v2\/users\/1"}],"replies":[{"embeddable":true,"href":"https:\/\/netzwerk-homoeopathie.info\/en\/wp-json\/wp\/v2\/comments?post=2830"}],"version-history":[{"count":5,"href":"https:\/\/netzwerk-homoeopathie.info\/en\/wp-json\/wp\/v2\/pages\/2830\/revisions"}],"predecessor-version":[{"id":13305,"href":"https:\/\/netzwerk-homoeopathie.info\/en\/wp-json\/wp\/v2\/pages\/2830\/revisions\/13305"}],"wp:attachment":[{"href":"https:\/\/netzwerk-homoeopathie.info\/en\/wp-json\/wp\/v2\/media?parent=2830"}],"curies":[{"name":"wp","href":"https:\/\/api.w.org\/{rel}","templated":true}]}}