{"id":290,"date":"2018-12-18T01:38:10","date_gmt":"2018-12-18T00:38:10","guid":{"rendered":"https:\/\/netzwerk-homoeopathie.info\/?page_id=290"},"modified":"2019-11-09T20:21:25","modified_gmt":"2019-11-09T19:21:25","slug":"kurz-erklaert","status":"publish","type":"page","link":"https:\/\/netzwerk-homoeopathie.info\/en\/kurz-erklaert\/","title":{"rendered":"Briefly stated"},"content":{"rendered":"\r\n<p class=\"has-drop-cap\">Here you will find specialist articles on individual questions of homeopathy, which are intended to give you a generally understandable insight into the broad field of arguments and thus enable you to make a more well-founded own judgement on homeopathy. Browse or search for explanations that you have always been looking for! You can also use the search function (in the menu bar, also on the article sites).<\/p>\r\n\r\n\r\n\r\n<p>You can access the &#8220;Briefly stated&#8221; articles via the menu or <a href=\"http:\/\/netzwerk-homoeopathie.info\/en\/kurz-erklaert-beitraege-zu-bekannten-und-unbekannteren-aspekten-der-homoeopathie-2\/\"><strong>this link<\/strong><\/a>. You can also use our keyword search in the menu bar! You will always find the links to the three most recently published articles here:<\/p>\r\n\r\n\r\n[catlist name=&#8221;kurz-erklaert&#8221; orderby=date order=DESC numberposts=3]\n","protected":false},"excerpt":{"rendered":"<p>Was nicht so bekannt, aber trotzdem wichtig ist: Erstaunliches und Besonderes aus der Hom\u00f6opathie, aus kritischer Sicht erkl\u00e4rt<\/p>\n","protected":false},"author":1,"featured_media":2380,"parent":0,"menu_order":0,"comment_status":"closed","ping_status":"open","template":"","meta":{"jetpack_post_was_ever_published":false,"footnotes":""},"class_list":["post-290","page","type-page","status-publish","has-post-thumbnail","hentry"],"translation":{"provider":"WPGlobus","version":"3.0.2","language":"en","enabled_languages":["de","en"],"languages":{"de":{"title":true,"content":true,"excerpt":true},"en":{"title":true,"content":true,"excerpt":true}}},"yoast_head":"<!-- This site is optimized with the Yoast SEO plugin v27.4 - https:\/\/yoast.com\/product\/yoast-seo-wordpress\/ -->\n<title>Briefly stated - Information Network Homeopathy<\/title>\n<meta name=\"robots\" content=\"index, follow, max-snippet:-1, max-image-preview:large, max-video-preview:-1\" \/>\n<link rel=\"canonical\" href=\"https:\/\/netzwerk-homoeopathie.info\/kurz-erklaert\/\" \/>\n<meta property=\"og:locale\" content=\"en_US\" \/>\n<meta property=\"og:type\" content=\"article\" \/>\n<meta property=\"og:title\" content=\"Erstaunliches und Besonderes - erkl\u00e4rt\" \/>\n<meta property=\"og:description\" content=\"Kaum bis gar nicht Bekanntes und immer wieder gegen die Hom\u00f6opathiekritik Eingewendetes - hier erkl\u00e4rt.\" \/>\n<meta property=\"og:url\" content=\"https:\/\/netzwerk-homoeopathie.info\/kurz-erklaert\/\" \/>\n<meta property=\"og:site_name\" content=\"Information Network Homeopathy\" \/>\n<meta property=\"article:publisher\" content=\"https:\/\/www.facebook.com\/Informationsnetzwerk-Hom%c3%b6opathie-INH-249989248680621\/\" \/>\n<meta property=\"article:modified_time\" content=\"2019-11-09T19:21:25+00:00\" \/>\n<meta property=\"og:image\" content=\"https:\/\/netzwerk-homoeopathie.info\/wp-content\/uploads\/2019\/04\/drops-574177.jpg\" \/>\n\t<meta property=\"og:image:width\" content=\"1600\" \/>\n\t<meta property=\"og:image:height\" content=\"1068\" \/>\n\t<meta property=\"og:image:type\" content=\"image\/jpeg\" \/>\n<meta name=\"twitter:card\" content=\"summary_large_image\" \/>\n<meta name=\"twitter:title\" content=\"Interessantes kurz erkl\u00e4rt\" \/>\n<meta name=\"twitter:description\" content=\"Fragen an und Einw\u00e4nde gegen die Hom\u00f6opathiekritik: Kurz erkl\u00e4rt\" \/>\n<meta name=\"twitter:image\" content=\"https:\/\/netzwerk-homoeopathie.info\/wp-content\/uploads\/2019\/04\/drops-574177.jpg\" \/>\n<meta name=\"twitter:site\" content=\"@homeopathy_inh\" \/>\n<meta name=\"twitter:label1\" content=\"Est. reading time\" \/>\n\t<meta name=\"twitter:data1\" content=\"1 minute\" \/>\n<script type=\"application\/ld+json\" class=\"yoast-schema-graph\">{\"@context\":\"https:\\\/\\\/schema.org\",\"@graph\":[{\"@type\":\"WebPage\",\"@id\":\"https:\\\/\\\/netzwerk-homoeopathie.info\\\/kurz-erklaert\\\/\",\"url\":\"https:\\\/\\\/netzwerk-homoeopathie.info\\\/kurz-erklaert\\\/\",\"name\":\"Briefly stated - Information Network Homeopathy\",\"isPartOf\":{\"@id\":\"https:\\\/\\\/netzwerk-homoeopathie.info\\\/#website\"},\"primaryImageOfPage\":{\"@id\":\"https:\\\/\\\/netzwerk-homoeopathie.info\\\/kurz-erklaert\\\/#primaryimage\"},\"image\":{\"@id\":\"https:\\\/\\\/netzwerk-homoeopathie.info\\\/kurz-erklaert\\\/#primaryimage\"},\"thumbnailUrl\":\"https:\\\/\\\/netzwerk-homoeopathie.info\\\/wp-content\\\/uploads\\\/2019\\\/04\\\/drops-574177.jpg\",\"datePublished\":\"2018-12-18T00:38:10+00:00\",\"dateModified\":\"2019-11-09T19:21:25+00:00\",\"description\":\"Interessantes und Erstaunliches aus der Hom\u00f6opathiekritik\",\"breadcrumb\":{\"@id\":\"https:\\\/\\\/netzwerk-homoeopathie.info\\\/kurz-erklaert\\\/#breadcrumb\"},\"inLanguage\":\"en-US\",\"potentialAction\":[{\"@type\":\"ReadAction\",\"target\":[\"https:\\\/\\\/netzwerk-homoeopathie.info\\\/kurz-erklaert\\\/\"]}]},{\"@type\":\"ImageObject\",\"inLanguage\":\"en-US\",\"@id\":\"https:\\\/\\\/netzwerk-homoeopathie.info\\\/kurz-erklaert\\\/#primaryimage\",\"url\":\"https:\\\/\\\/netzwerk-homoeopathie.info\\\/wp-content\\\/uploads\\\/2019\\\/04\\\/drops-574177.jpg\",\"contentUrl\":\"https:\\\/\\\/netzwerk-homoeopathie.info\\\/wp-content\\\/uploads\\\/2019\\\/04\\\/drops-574177.jpg\",\"width\":1600,\"height\":1068},{\"@type\":\"BreadcrumbList\",\"@id\":\"https:\\\/\\\/netzwerk-homoeopathie.info\\\/kurz-erklaert\\\/#breadcrumb\",\"itemListElement\":[{\"@type\":\"ListItem\",\"position\":1,\"name\":\"Startseite\",\"item\":\"https:\\\/\\\/netzwerk-homoeopathie.info\\\/\"},{\"@type\":\"ListItem\",\"position\":2,\"name\":\"Kurz erkl\u00e4rt\"}]},{\"@type\":\"WebSite\",\"@id\":\"https:\\\/\\\/netzwerk-homoeopathie.info\\\/#website\",\"url\":\"https:\\\/\\\/netzwerk-homoeopathie.info\\\/\",\"name\":\"Informations\u00adnetzwerk Hom\u00f6opathie\",\"description\":\"We explain - you have the choice\",\"publisher\":{\"@id\":\"https:\\\/\\\/netzwerk-homoeopathie.info\\\/#organization\"},\"potentialAction\":[{\"@type\":\"SearchAction\",\"target\":{\"@type\":\"EntryPoint\",\"urlTemplate\":\"https:\\\/\\\/netzwerk-homoeopathie.info\\\/?s={search_term_string}\"},\"query-input\":{\"@type\":\"PropertyValueSpecification\",\"valueRequired\":true,\"valueName\":\"search_term_string\"}}],\"inLanguage\":\"en-US\"},{\"@type\":\"Organization\",\"@id\":\"https:\\\/\\\/netzwerk-homoeopathie.info\\\/#organization\",\"name\":\"Informationsnetzwerk Hom\u00f6opathie\",\"url\":\"https:\\\/\\\/netzwerk-homoeopathie.info\\\/\",\"logo\":{\"@type\":\"ImageObject\",\"inLanguage\":\"en-US\",\"@id\":\"https:\\\/\\\/netzwerk-homoeopathie.info\\\/#\\\/schema\\\/logo\\\/image\\\/\",\"url\":\"https:\\\/\\\/netzwerk-homoeopathie.info\\\/wp-content\\\/uploads\\\/2019\\\/02\\\/iLogo-Schatten-1.png\",\"contentUrl\":\"https:\\\/\\\/netzwerk-homoeopathie.info\\\/wp-content\\\/uploads\\\/2019\\\/02\\\/iLogo-Schatten-1.png\",\"width\":682,\"height\":625,\"caption\":\"Informationsnetzwerk Hom\u00f6opathie\"},\"image\":{\"@id\":\"https:\\\/\\\/netzwerk-homoeopathie.info\\\/#\\\/schema\\\/logo\\\/image\\\/\"},\"sameAs\":[\"https:\\\/\\\/www.facebook.com\\\/Informationsnetzwerk-Hom\u00f6opathie-INH-249989248680621\\\/\",\"https:\\\/\\\/x.com\\\/homeopathy_inh\",\"https:\\\/\\\/de.wikipedia.org\\\/wiki\\\/Informationsnetzwerk_Hom\u00f6opathie\"]}]}<\/script>\n<!-- \/ Yoast SEO plugin. -->","yoast_head_json":{"title":"Briefly stated - Information Network Homeopathy","robots":{"index":"index","follow":"follow","max-snippet":"max-snippet:-1","max-image-preview":"max-image-preview:large","max-video-preview":"max-video-preview:-1"},"canonical":"https:\/\/netzwerk-homoeopathie.info\/kurz-erklaert\/","og_locale":"en_US","og_type":"article","og_title":"Erstaunliches und Besonderes - erkl\u00e4rt","og_description":"Kaum bis gar nicht Bekanntes und immer wieder gegen die Hom\u00f6opathiekritik Eingewendetes - hier erkl\u00e4rt.","og_url":"https:\/\/netzwerk-homoeopathie.info\/kurz-erklaert\/","og_site_name":"Information Network Homeopathy","article_publisher":"https:\/\/www.facebook.com\/Informationsnetzwerk-Hom%c3%b6opathie-INH-249989248680621\/","article_modified_time":"2019-11-09T19:21:25+00:00","og_image":[{"width":1600,"height":1068,"url":"https:\/\/netzwerk-homoeopathie.info\/wp-content\/uploads\/2019\/04\/drops-574177.jpg","type":"image\/jpeg"}],"twitter_card":"summary_large_image","twitter_title":"Interessantes kurz erkl\u00e4rt","twitter_description":"Fragen an und Einw\u00e4nde gegen die Hom\u00f6opathiekritik: Kurz erkl\u00e4rt","twitter_image":"https:\/\/netzwerk-homoeopathie.info\/wp-content\/uploads\/2019\/04\/drops-574177.jpg","twitter_site":"@homeopathy_inh","twitter_misc":{"Est. reading time":"1 minute"},"schema":{"@context":"https:\/\/schema.org","@graph":[{"@type":"WebPage","@id":"https:\/\/netzwerk-homoeopathie.info\/kurz-erklaert\/","url":"https:\/\/netzwerk-homoeopathie.info\/kurz-erklaert\/","name":"Briefly stated - Information Network Homeopathy","isPartOf":{"@id":"https:\/\/netzwerk-homoeopathie.info\/#website"},"primaryImageOfPage":{"@id":"https:\/\/netzwerk-homoeopathie.info\/kurz-erklaert\/#primaryimage"},"image":{"@id":"https:\/\/netzwerk-homoeopathie.info\/kurz-erklaert\/#primaryimage"},"thumbnailUrl":"https:\/\/netzwerk-homoeopathie.info\/wp-content\/uploads\/2019\/04\/drops-574177.jpg","datePublished":"2018-12-18T00:38:10+00:00","dateModified":"2019-11-09T19:21:25+00:00","description":"Interessantes und Erstaunliches aus der Hom\u00f6opathiekritik","breadcrumb":{"@id":"https:\/\/netzwerk-homoeopathie.info\/kurz-erklaert\/#breadcrumb"},"inLanguage":"en-US","potentialAction":[{"@type":"ReadAction","target":["https:\/\/netzwerk-homoeopathie.info\/kurz-erklaert\/"]}]},{"@type":"ImageObject","inLanguage":"en-US","@id":"https:\/\/netzwerk-homoeopathie.info\/kurz-erklaert\/#primaryimage","url":"https:\/\/netzwerk-homoeopathie.info\/wp-content\/uploads\/2019\/04\/drops-574177.jpg","contentUrl":"https:\/\/netzwerk-homoeopathie.info\/wp-content\/uploads\/2019\/04\/drops-574177.jpg","width":1600,"height":1068},{"@type":"BreadcrumbList","@id":"https:\/\/netzwerk-homoeopathie.info\/kurz-erklaert\/#breadcrumb","itemListElement":[{"@type":"ListItem","position":1,"name":"Startseite","item":"https:\/\/netzwerk-homoeopathie.info\/"},{"@type":"ListItem","position":2,"name":"Kurz erkl\u00e4rt"}]},{"@type":"WebSite","@id":"https:\/\/netzwerk-homoeopathie.info\/#website","url":"https:\/\/netzwerk-homoeopathie.info\/","name":"Informations\u00adnetzwerk Hom\u00f6opathie","description":"We explain - you have the choice","publisher":{"@id":"https:\/\/netzwerk-homoeopathie.info\/#organization"},"potentialAction":[{"@type":"SearchAction","target":{"@type":"EntryPoint","urlTemplate":"https:\/\/netzwerk-homoeopathie.info\/?s={search_term_string}"},"query-input":{"@type":"PropertyValueSpecification","valueRequired":true,"valueName":"search_term_string"}}],"inLanguage":"en-US"},{"@type":"Organization","@id":"https:\/\/netzwerk-homoeopathie.info\/#organization","name":"Informationsnetzwerk Hom\u00f6opathie","url":"https:\/\/netzwerk-homoeopathie.info\/","logo":{"@type":"ImageObject","inLanguage":"en-US","@id":"https:\/\/netzwerk-homoeopathie.info\/#\/schema\/logo\/image\/","url":"https:\/\/netzwerk-homoeopathie.info\/wp-content\/uploads\/2019\/02\/iLogo-Schatten-1.png","contentUrl":"https:\/\/netzwerk-homoeopathie.info\/wp-content\/uploads\/2019\/02\/iLogo-Schatten-1.png","width":682,"height":625,"caption":"Informationsnetzwerk Hom\u00f6opathie"},"image":{"@id":"https:\/\/netzwerk-homoeopathie.info\/#\/schema\/logo\/image\/"},"sameAs":["https:\/\/www.facebook.com\/Informationsnetzwerk-Hom\u00f6opathie-INH-249989248680621\/","https:\/\/x.com\/homeopathy_inh","https:\/\/de.wikipedia.org\/wiki\/Informationsnetzwerk_Hom\u00f6opathie"]}]}},"featured_image_src":"https:\/\/netzwerk-homoeopathie.info\/wp-content\/uploads\/2019\/04\/drops-574177.jpg","featured_image_src_square":"https:\/\/netzwerk-homoeopathie.info\/wp-content\/uploads\/2019\/04\/drops-574177.jpg","jetpack_sharing_enabled":false,"_links":{"self":[{"href":"https:\/\/netzwerk-homoeopathie.info\/en\/wp-json\/wp\/v2\/pages\/290","targetHints":{"allow":["GET"]}}],"collection":[{"href":"https:\/\/netzwerk-homoeopathie.info\/en\/wp-json\/wp\/v2\/pages"}],"about":[{"href":"https:\/\/netzwerk-homoeopathie.info\/en\/wp-json\/wp\/v2\/types\/page"}],"author":[{"embeddable":true,"href":"https:\/\/netzwerk-homoeopathie.info\/en\/wp-json\/wp\/v2\/users\/1"}],"replies":[{"embeddable":true,"href":"https:\/\/netzwerk-homoeopathie.info\/en\/wp-json\/wp\/v2\/comments?post=290"}],"version-history":[{"count":0,"href":"https:\/\/netzwerk-homoeopathie.info\/en\/wp-json\/wp\/v2\/pages\/290\/revisions"}],"wp:featuredmedia":[{"embeddable":true,"href":"https:\/\/netzwerk-homoeopathie.info\/en\/wp-json\/wp\/v2\/media\/2380"}],"wp:attachment":[{"href":"https:\/\/netzwerk-homoeopathie.info\/en\/wp-json\/wp\/v2\/media?parent=290"}],"curies":[{"name":"wp","href":"https:\/\/api.w.org\/{rel}","templated":true}]}}