{"id":6461,"date":"2020-04-13T14:50:32","date_gmt":"2020-04-13T12:50:32","guid":{"rendered":"http:\/\/netzwerk-homoeopathie.info\/?p=6461"},"modified":"2022-01-31T21:19:24","modified_gmt":"2022-01-31T20:19:24","slug":"prof-dr-jutta-huebner","status":"publish","type":"page","link":"https:\/\/netzwerk-homoeopathie.info\/en\/prof-dr-jutta-huebner\/","title":{"rendered":"Prof. Dr. Jutta H\u00fcbner"},"content":{"rendered":"<figure id=\"attachment_6433\" aria-describedby=\"caption-attachment-6433\" style=\"width: 400px\" class=\"wp-caption alignleft\"><img loading=\"lazy\" decoding=\"async\" class=\"wp-image-6433\" src=\"https:\/\/netzwerk-homoeopathie.info\/wp-content\/uploads\/2020\/04\/huebner2019_12-001-scaled.jpg\" alt=\"Picture shows Prof. Dr. Jutta Huebner, head and spokeswoman of the INH\" width=\"400\" height=\"400\" \/><figcaption id=\"caption-attachment-6433\" class=\"wp-caption-text\">Professor Dr. Jutta Huebner &#8211; Credits: UKJ\/Schroll<\/figcaption><\/figure>\n<p>I support the INH and its spokesperson team as a scientific advisor.<\/p>\n<p>I am an oncologist and palliative physician and have been working for over 30 years with and for patients who have a serious illness.<\/p>\n<p>Since 2017 I have held an endowed professorship for Integrative Oncology of the German Cancer Aid Foundation at the University Hospital Jena. In addition to research on the various methods of complementary and alternative medicine, I and my colleagues are very intensively involved in the needs of patients.<\/p>\n<p>To accompany patients and their relatives in a good way is my most important concern. But what does &#8220;good&#8221; mean in this context?<\/p>\n<p>First of all, good is good medicine &#8211; in other words, therapies that are as effective as possible with as few side effects as possible. The goal is lifetime and quality of life.<\/p>\n<p>But good also means &#8220;well informed&#8221;. Patients have a right to comprehensive information about their disease and the various options for diagnosis and therapy, which can be understood by laypersons. Unfortunately, this does not yet work as well as it should in our health care system, especially when patients themselves are to actively participate in making decisions about complex therapies and life-threatening disease.<\/p>\n<p>Many of our patients with cancer and their relatives but also patients with other diseases ask themselves if naturopathy can help them and therefore come to me for counselling. This often involves the question of whether naturopathy alone would be able to help them &#8211; without &#8220;the chemistry&#8221;. While minor illnesses such as a cold can be alleviated very well with naturopathy and disappear on their own, this does not apply to cancer. To tell this the patient honestly is not always easy. But naturopathy can help patients tolerate cancer therapy better &#8211; and thus it can also contribute to a better therapy outcome.<\/p>\n<p>I am often asked by patients about homeopathy. Most people are not even aware that homeopathy has nothing to do with naturopathy at all. Naturopathy means to help with natural remedies &#8211; e.g. with effective medicinal plants, heat or cold applications etc.. However, homeopathic remedies are not only made from natural substances but very different things. Moreover, the higher &#8220;potentiated&#8221; &#8211; i.e. diluted &#8211; homeopathic remedies do not contain anything at all &#8211; i.e. also no nature.<\/p>\n<p>Some doctors think that the patient should be allowed to take sugar pills without active substances &#8211; belief helps and cannot harm. Is that so? &#8211; I think not. Again and again, I have particularly tragic cases in the consultation hours, in which patients with a still curable cancer first used homeopathic globules &#8211; and realized too late that the cancer is growing and cannot be cured anymore. Much more often, however, my experience is that patients namely rely on conventional medicine for their cancer remedies, but at the same time try to use globules to alleviate the discomfort caused by the tumour disease or the side effects of tumour therapy, what leads them to avoid effective painkillers or medication against nausea.<\/p>\n<p>To prevent this, we need informed and responsible patients, honest, committed doctors, better training of our medical students, doctors and nurses, on what serious naturopathy is and can achieve, critical media and a courageous policy that demands the same scientific proof of effectiveness for all that which wants to be recognised as &#8220;medicines&#8221;.<\/p>\n<p>In addition to my work at the University Hospital Jena, I am head of the working group Prevention and Integrative Oncology in the German Cancer Society. A few years ago I established an own <a href=\"http:\/\/www.stiftung-perspektiven.de\" target=\"_blank\" rel=\"noopener noreferrer\">foundation<\/a> (Foundation Perspectives for People with Cancer), which supports various projects for patients and operates a knowledge portal on complementary and alternative medicine.<\/p>\n<div class=\"shariff shariff-align-flex-start shariff-widget-align-flex-start\" style=\"display:none\" data-services=\"facebook\" data-url=\"https%3A%2F%2Fnetzwerk-homoeopathie.info%2Fen%2Fprof-dr-jutta-huebner%2F\" data-timestamp=\"1643663964\" data-hidezero=\"1\" data-backendurl=\"https:\/\/netzwerk-homoeopathie.info\/en\/wp-json\/shariff\/v1\/share_counts?\"><div class=\"ShariffHeadline\">Diesen Beitrag  DSGVO-konform teilen \/ Share this in accordance to data protection rules:<\/div><ul class=\"shariff-buttons theme-color orientation-horizontal buttonsize-medium\"><li class=\"shariff-button facebook\" style=\"background-color:#a3bd9d\"><a href=\"https:\/\/www.facebook.com\/sharer\/sharer.php?u=https%3A%2F%2Fnetzwerk-homoeopathie.info%2Fen%2Fprof-dr-jutta-huebner%2F\" title=\"Share on Facebook\" aria-label=\"Share on Facebook\" role=\"button\" rel=\"nofollow\" class=\"shariff-link\" style=\"; background-color:#37682a; color:#fff\" target=\"_blank\"><span class=\"shariff-icon\" style=\"\"><svg width=\"32px\" height=\"20px\" xmlns=\"http:\/\/www.w3.org\/2000\/svg\" viewBox=\"0 0 18 32\"><path fill=\"#3b5998\" d=\"M17.1 0.2v4.7h-2.8q-1.5 0-2.1 0.6t-0.5 1.9v3.4h5.2l-0.7 5.3h-4.5v13.6h-5.5v-13.6h-4.5v-5.3h4.5v-3.9q0-3.3 1.9-5.2t5-1.8q2.6 0 4.1 0.2z\"\/><\/svg><\/span><span class=\"shariff-text\">share<\/span>&nbsp;<span data-service=\"facebook\" style=\"color:#fff\" class=\"shariff-count shariff-hidezero\"><\/span>&nbsp;<\/a><\/li><li class=\"shariff-button twitter\" style=\"background-color:#a3bd9d\"><a href=\"https:\/\/twitter.com\/share?url=https%3A%2F%2Fnetzwerk-homoeopathie.info%2Fen%2Fprof-dr-jutta-huebner%2F&text=Prof.%20Dr.%20Jutta%20H%C3%BCbner\" title=\"Share on X\" aria-label=\"Share on X\" role=\"button\" rel=\"noopener nofollow\" class=\"shariff-link\" style=\"; background-color:#37682a; color:#fff\" target=\"_blank\"><span class=\"shariff-icon\" style=\"\"><svg width=\"32px\" height=\"20px\" xmlns=\"http:\/\/www.w3.org\/2000\/svg\" viewBox=\"0 0 24 24\"><path fill=\"#000\" d=\"M14.258 10.152L23.176 0h-2.113l-7.747 8.813L7.133 0H0l9.352 13.328L0 23.973h2.113l8.176-9.309 6.531 9.309h7.133zm-2.895 3.293l-.949-1.328L2.875 1.56h3.246l6.086 8.523.945 1.328 7.91 11.078h-3.246zm0 0\"\/><\/svg><\/span><span class=\"shariff-text\">share<\/span>&nbsp;<\/a><\/li><li class=\"shariff-button mastodon\" style=\"background-color:#a3bd9d\"><a href=\"https:\/\/s2f.kytta.dev\/?text=Prof.%20Dr.%20Jutta%20H%C3%BCbner https%3A%2F%2Fnetzwerk-homoeopathie.info%2Fen%2Fprof-dr-jutta-huebner%2F\" title=\"Share on Mastodon\" aria-label=\"Share on Mastodon\" role=\"button\" rel=\"noopener nofollow\" class=\"shariff-link\" style=\"; background-color:#37682a; color:#fff\" target=\"_blank\"><span class=\"shariff-icon\" style=\"\"><svg width=\"75\" height=\"79\" viewBox=\"0 0 75 79\" fill=\"none\" xmlns=\"http:\/\/www.w3.org\/2000\/svg\"><path d=\"M37.813-.025C32.462-.058 27.114.13 21.79.598c-8.544.621-17.214 5.58-20.203 13.931C-1.12 23.318.408 32.622.465 41.65c.375 7.316.943 14.78 3.392 21.73 4.365 9.465 14.781 14.537 24.782 15.385 7.64.698 15.761-.213 22.517-4.026a54.1 54.1 0 0 0 .01-6.232c-6.855 1.316-14.101 2.609-21.049 1.074-3.883-.88-6.876-4.237-7.25-8.215-1.53-3.988 3.78-.43 5.584-.883 9.048 1.224 18.282.776 27.303-.462 7.044-.837 14.26-4.788 16.65-11.833 2.263-6.135 1.215-12.79 1.698-19.177.06-3.84.09-7.692-.262-11.52C72.596 7.844 63.223.981 53.834.684a219.453 219.453 0 0 0-16.022-.71zm11.294 12.882c5.5-.067 10.801 4.143 11.67 9.653.338 1.48.471 3 .471 4.515v21.088h-8.357c-.07-7.588.153-15.182-.131-22.765-.587-4.368-7.04-5.747-9.672-2.397-2.422 3.04-1.47 7.155-1.67 10.735v6.392h-8.307c-.146-4.996.359-10.045-.404-15.002-1.108-4.218-7.809-5.565-10.094-1.666-1.685 3.046-.712 6.634-.976 9.936v14.767h-8.354c.109-8.165-.238-16.344.215-24.5.674-5.346 5.095-10.389 10.676-10.627 4.902-.739 10.103 2.038 12.053 6.631.375 1.435 1.76 1.932 1.994.084 1.844-3.704 5.501-6.739 9.785-6.771.367-.044.735-.068 1.101-.073z\"\/><defs><linearGradient id=\"paint0_linear_549_34\" x1=\"37.0692\" y1=\"0\" x2=\"37.0692\" y2=\"79\" gradientUnits=\"userSpaceOnUse\"><stop stop-color=\"#6364FF\"\/><stop offset=\"1\" stop-color=\"#563ACC\"\/><\/linearGradient><\/defs><\/svg><\/span><span class=\"shariff-text\">share<\/span>&nbsp;<\/a><\/li><li class=\"shariff-button whatsapp\" style=\"background-color:#a3bd9d\"><a href=\"https:\/\/api.whatsapp.com\/send?text=https%3A%2F%2Fnetzwerk-homoeopathie.info%2Fen%2Fprof-dr-jutta-huebner%2F%20Prof.%20Dr.%20Jutta%20H%C3%BCbner\" title=\"Share on Whatsapp\" aria-label=\"Share on Whatsapp\" role=\"button\" rel=\"noopener nofollow\" class=\"shariff-link\" style=\"; background-color:#37682a; color:#fff\" target=\"_blank\"><span class=\"shariff-icon\" style=\"\"><svg width=\"32px\" height=\"20px\" xmlns=\"http:\/\/www.w3.org\/2000\/svg\" viewBox=\"0 0 32 32\"><path fill=\"#34af23\" d=\"M17.6 17.4q0.2 0 1.7 0.8t1.6 0.9q0 0.1 0 0.3 0 0.6-0.3 1.4-0.3 0.7-1.3 1.2t-1.8 0.5q-1 0-3.4-1.1-1.7-0.8-3-2.1t-2.6-3.3q-1.3-1.9-1.3-3.5v-0.1q0.1-1.6 1.3-2.8 0.4-0.4 0.9-0.4 0.1 0 0.3 0t0.3 0q0.3 0 0.5 0.1t0.3 0.5q0.1 0.4 0.6 1.6t0.4 1.3q0 0.4-0.6 1t-0.6 0.8q0 0.1 0.1 0.3 0.6 1.3 1.8 2.4 1 0.9 2.7 1.8 0.2 0.1 0.4 0.1 0.3 0 1-0.9t0.9-0.9zM14 26.9q2.3 0 4.3-0.9t3.6-2.4 2.4-3.6 0.9-4.3-0.9-4.3-2.4-3.6-3.6-2.4-4.3-0.9-4.3 0.9-3.6 2.4-2.4 3.6-0.9 4.3q0 3.6 2.1 6.6l-1.4 4.2 4.3-1.4q2.8 1.9 6.2 1.9zM14 2.2q2.7 0 5.2 1.1t4.3 2.9 2.9 4.3 1.1 5.2-1.1 5.2-2.9 4.3-4.3 2.9-5.2 1.1q-3.5 0-6.5-1.7l-7.4 2.4 2.4-7.2q-1.9-3.2-1.9-6.9 0-2.7 1.1-5.2t2.9-4.3 4.3-2.9 5.2-1.1z\"\/><\/svg><\/span><span class=\"shariff-text\">share<\/span>&nbsp;<\/a><\/li><li class=\"shariff-button linkedin\" style=\"background-color:#a3bd9d\"><a href=\"https:\/\/www.linkedin.com\/sharing\/share-offsite\/?url=https%3A%2F%2Fnetzwerk-homoeopathie.info%2Fen%2Fprof-dr-jutta-huebner%2F\" title=\"Share on LinkedIn\" aria-label=\"Share on LinkedIn\" role=\"button\" rel=\"noopener nofollow\" class=\"shariff-link\" style=\"; background-color:#37682a; color:#fff\" target=\"_blank\"><span class=\"shariff-icon\" style=\"\"><svg width=\"32px\" height=\"20px\" xmlns=\"http:\/\/www.w3.org\/2000\/svg\" viewBox=\"0 0 27 32\"><path fill=\"#0077b5\" d=\"M6.2 11.2v17.7h-5.9v-17.7h5.9zM6.6 5.7q0 1.3-0.9 2.2t-2.4 0.9h0q-1.5 0-2.4-0.9t-0.9-2.2 0.9-2.2 2.4-0.9 2.4 0.9 0.9 2.2zM27.4 18.7v10.1h-5.9v-9.5q0-1.9-0.7-2.9t-2.3-1.1q-1.1 0-1.9 0.6t-1.2 1.5q-0.2 0.5-0.2 1.4v9.9h-5.9q0-7.1 0-11.6t0-5.3l0-0.9h5.9v2.6h0q0.4-0.6 0.7-1t1-0.9 1.6-0.8 2-0.3q3 0 4.9 2t1.9 6z\"\/><\/svg><\/span><span class=\"shariff-text\">share<\/span>&nbsp;<\/a><\/li><li class=\"shariff-button xing\" style=\"background-color:#a3bd9d\"><a href=\"https:\/\/www.xing.com\/spi\/shares\/new?url=https%3A%2F%2Fnetzwerk-homoeopathie.info%2Fen%2Fprof-dr-jutta-huebner%2F\" title=\"Share on XING\" aria-label=\"Share on XING\" role=\"button\" rel=\"noopener nofollow\" class=\"shariff-link\" style=\"; background-color:#37682a; color:#fff\" target=\"_blank\"><span class=\"shariff-icon\" style=\"\"><svg width=\"32px\" height=\"20px\" xmlns=\"http:\/\/www.w3.org\/2000\/svg\" viewBox=\"0 0 25 32\"><path fill=\"#126567\" d=\"M10.7 11.9q-0.2 0.3-4.6 8.2-0.5 0.8-1.2 0.8h-4.3q-0.4 0-0.5-0.3t0-0.6l4.5-8q0 0 0 0l-2.9-5q-0.2-0.4 0-0.7 0.2-0.3 0.5-0.3h4.3q0.7 0 1.2 0.8zM25.1 0.4q0.2 0.3 0 0.7l-9.4 16.7 6 11q0.2 0.4 0 0.6-0.2 0.3-0.6 0.3h-4.3q-0.7 0-1.2-0.8l-6-11.1q0.3-0.6 9.5-16.8 0.4-0.8 1.2-0.8h4.3q0.4 0 0.5 0.3z\"\/><\/svg><\/span><span class=\"shariff-text\">share<\/span>&nbsp;<\/a><\/li><li class=\"shariff-button mailto\" style=\"background-color:#a3bd9d\"><a href=\"mailto:?body=https%3A%2F%2Fnetzwerk-homoeopathie.info%2Fen%2Fprof-dr-jutta-huebner%2F&subject=Prof.%20Dr.%20Jutta%20H%C3%BCbner\" title=\"Send by email\" aria-label=\"Send by email\" role=\"button\" rel=\"noopener nofollow\" class=\"shariff-link\" style=\"; background-color:#37682a; color:#fff\"><span class=\"shariff-icon\" style=\"\"><svg width=\"32px\" height=\"20px\" xmlns=\"http:\/\/www.w3.org\/2000\/svg\" viewBox=\"0 0 32 32\"><path fill=\"#999\" d=\"M32 12.7v14.2q0 1.2-0.8 2t-2 0.9h-26.3q-1.2 0-2-0.9t-0.8-2v-14.2q0.8 0.9 1.8 1.6 6.5 4.4 8.9 6.1 1 0.8 1.6 1.2t1.7 0.9 2 0.4h0.1q0.9 0 2-0.4t1.7-0.9 1.6-1.2q3-2.2 8.9-6.1 1-0.7 1.8-1.6zM32 7.4q0 1.4-0.9 2.7t-2.2 2.2q-6.7 4.7-8.4 5.8-0.2 0.1-0.7 0.5t-1 0.7-0.9 0.6-1.1 0.5-0.9 0.2h-0.1q-0.4 0-0.9-0.2t-1.1-0.5-0.9-0.6-1-0.7-0.7-0.5q-1.6-1.1-4.7-3.2t-3.6-2.6q-1.1-0.7-2.1-2t-1-2.5q0-1.4 0.7-2.3t2.1-0.9h26.3q1.2 0 2 0.8t0.9 2z\"\/><\/svg><\/span><span class=\"shariff-text\">email<\/span>&nbsp;<\/a><\/li><li class=\"shariff-button info\" style=\"background-color:#a3bd9d\"><a href=\"https:\/\/netzwerk-homoeopathie.info\/datenschutz\/\" title=\"Social Share Buttons: Datenschutzinfos \/ Privacy policy information\" aria-label=\"Social Share Buttons: Datenschutzinfos \/ Privacy policy information\" role=\"button\" rel=\"noopener \" class=\"shariff-link\" style=\"; background-color:#37682a; color:#fff\" target=\"_blank\"><span class=\"shariff-icon\" style=\"\"><svg width=\"32px\" height=\"20px\" xmlns=\"http:\/\/www.w3.org\/2000\/svg\" viewBox=\"0 0 11 32\"><path fill=\"#999\" d=\"M11.4 24v2.3q0 0.5-0.3 0.8t-0.8 0.4h-9.1q-0.5 0-0.8-0.4t-0.4-0.8v-2.3q0-0.5 0.4-0.8t0.8-0.4h1.1v-6.8h-1.1q-0.5 0-0.8-0.4t-0.4-0.8v-2.3q0-0.5 0.4-0.8t0.8-0.4h6.8q0.5 0 0.8 0.4t0.4 0.8v10.3h1.1q0.5 0 0.8 0.4t0.3 0.8zM9.2 3.4v3.4q0 0.5-0.4 0.8t-0.8 0.4h-4.6q-0.4 0-0.8-0.4t-0.4-0.8v-3.4q0-0.4 0.4-0.8t0.8-0.4h4.6q0.5 0 0.8 0.4t0.4 0.8z\"\/><\/svg><\/span><\/a><\/li><\/ul><\/div>","protected":false},"excerpt":{"rendered":"<p>I support the INH and its spokesperson team as a scientific advisor. I am an oncologist and palliative physician and have been working for over 30 years with and for patients who have a serious illness. Since 2017 I have held an endowed professorship for Integrative Oncology of the German Cancer Aid Foundation at the &hellip; <\/p>\n<p class=\"link-more\"><a href=\"https:\/\/netzwerk-homoeopathie.info\/en\/prof-dr-jutta-huebner\/\" class=\"more-link\">Continue reading<span class=\"screen-reader-text\"> &#8220;Prof. Dr. Jutta H\u00fcbner&#8221;<\/span><\/a><\/p>\n","protected":false},"author":1,"featured_media":0,"parent":0,"menu_order":0,"comment_status":"closed","ping_status":"open","template":"","meta":{"jetpack_post_was_ever_published":false,"footnotes":""},"class_list":["post-6461","page","type-page","status-publish","hentry"],"translation":{"provider":"WPGlobus","version":"3.0.2","language":"en","enabled_languages":["de","en"],"languages":{"de":{"title":true,"content":true,"excerpt":false},"en":{"title":true,"content":true,"excerpt":false}}},"yoast_head":"<!-- This site is optimized with the Yoast SEO plugin v26.7 - https:\/\/yoast.com\/wordpress\/plugins\/seo\/ -->\n<title>Prof. Dr. Jutta H\u00fcbner - Information Network Homeopathy<\/title>\n<meta name=\"robots\" content=\"index, follow, max-snippet:-1, max-image-preview:large, max-video-preview:-1\" \/>\n<link rel=\"canonical\" href=\"https:\/\/netzwerk-homoeopathie.info\/prof-dr-jutta-huebner\/\" \/>\n<meta property=\"og:locale\" content=\"en_US\" \/>\n<meta property=\"og:type\" content=\"article\" \/>\n<meta property=\"og:title\" content=\"Prof. Dr. Jutta H\u00fcbner - Information Network Homeopathy\" \/>\n<meta property=\"og:description\" content=\"Prof. Dr. Jutta H\u00fcbner, Leiterin und Sprecherin des Informationsnetzwerks Hom\u00f6opathie\" \/>\n<meta property=\"og:url\" content=\"https:\/\/netzwerk-homoeopathie.info\/prof-dr-jutta-huebner\/\" \/>\n<meta property=\"og:site_name\" content=\"Information Network Homeopathy\" \/>\n<meta property=\"article:publisher\" content=\"https:\/\/www.facebook.com\/Informationsnetzwerk-Hom%c3%b6opathie-INH-249989248680621\/\" \/>\n<meta property=\"article:modified_time\" content=\"2022-01-31T20:19:24+00:00\" \/>\n<meta property=\"og:image\" content=\"https:\/\/netzwerk-homoeopathie.info\/wp-content\/uploads\/2020\/04\/huebner2019_12-001-scaled.jpg\" \/>\n\t<meta property=\"og:image:width\" content=\"1599\" \/>\n\t<meta property=\"og:image:height\" content=\"1600\" \/>\n\t<meta property=\"og:image:type\" content=\"image\/jpeg\" \/>\n<meta name=\"twitter:card\" content=\"summary_large_image\" \/>\n<meta name=\"twitter:description\" content=\"Prof. Dr. Jutta H\u00fcbner, Leiterin und Sprecherin des Informationsnetzwerks Hom\u00f6opathie\" \/>\n<meta name=\"twitter:image\" content=\"https:\/\/netzwerk-homoeopathie.info\/wp-content\/uploads\/2020\/04\/huebner2019_12-001-scaled.jpg\" \/>\n<meta name=\"twitter:site\" content=\"@homeopathy_inh\" \/>\n<meta name=\"twitter:label1\" content=\"Est. reading time\" \/>\n\t<meta name=\"twitter:data1\" content=\"4 minutes\" \/>\n<script type=\"application\/ld+json\" class=\"yoast-schema-graph\">{\"@context\":\"https:\/\/schema.org\",\"@graph\":[{\"@type\":\"WebPage\",\"@id\":\"https:\/\/netzwerk-homoeopathie.info\/prof-dr-jutta-huebner\/\",\"url\":\"https:\/\/netzwerk-homoeopathie.info\/prof-dr-jutta-huebner\/\",\"name\":\"Prof. Dr. Jutta H\u00fcbner - Information Network Homeopathy\",\"isPartOf\":{\"@id\":\"https:\/\/netzwerk-homoeopathie.info\/#website\"},\"primaryImageOfPage\":{\"@id\":\"https:\/\/netzwerk-homoeopathie.info\/prof-dr-jutta-huebner\/#primaryimage\"},\"image\":{\"@id\":\"https:\/\/netzwerk-homoeopathie.info\/prof-dr-jutta-huebner\/#primaryimage\"},\"thumbnailUrl\":\"https:\/\/netzwerk-homoeopathie.info\/wp-content\/uploads\/2020\/04\/huebner2019_12-001-scaled.jpg\",\"datePublished\":\"2020-04-13T12:50:32+00:00\",\"dateModified\":\"2022-01-31T20:19:24+00:00\",\"description\":\"Prof. Dr. Jutta H\u00fcbner, Leiterin und Sprecherin des Informationsnetzwerks Hom\u00f6opathie\",\"breadcrumb\":{\"@id\":\"https:\/\/netzwerk-homoeopathie.info\/prof-dr-jutta-huebner\/#breadcrumb\"},\"inLanguage\":\"en-US\",\"potentialAction\":[{\"@type\":\"ReadAction\",\"target\":[\"https:\/\/netzwerk-homoeopathie.info\/prof-dr-jutta-huebner\/\"]}]},{\"@type\":\"ImageObject\",\"inLanguage\":\"en-US\",\"@id\":\"https:\/\/netzwerk-homoeopathie.info\/prof-dr-jutta-huebner\/#primaryimage\",\"url\":\"https:\/\/netzwerk-homoeopathie.info\/wp-content\/uploads\/2020\/04\/huebner2019_12-001-scaled.jpg\",\"contentUrl\":\"https:\/\/netzwerk-homoeopathie.info\/wp-content\/uploads\/2020\/04\/huebner2019_12-001-scaled.jpg\"},{\"@type\":\"BreadcrumbList\",\"@id\":\"https:\/\/netzwerk-homoeopathie.info\/prof-dr-jutta-huebner\/#breadcrumb\",\"itemListElement\":[{\"@type\":\"ListItem\",\"position\":1,\"name\":\"Startseite\",\"item\":\"https:\/\/netzwerk-homoeopathie.info\/\"},{\"@type\":\"ListItem\",\"position\":2,\"name\":\"Prof. Dr. Jutta H\u00fcbner\"}]},{\"@type\":\"WebSite\",\"@id\":\"https:\/\/netzwerk-homoeopathie.info\/#website\",\"url\":\"https:\/\/netzwerk-homoeopathie.info\/\",\"name\":\"Informations\u00adnetzwerk Hom\u00f6opathie\",\"description\":\"We explain - you have the choice\",\"publisher\":{\"@id\":\"https:\/\/netzwerk-homoeopathie.info\/#organization\"},\"potentialAction\":[{\"@type\":\"SearchAction\",\"target\":{\"@type\":\"EntryPoint\",\"urlTemplate\":\"https:\/\/netzwerk-homoeopathie.info\/?s={search_term_string}\"},\"query-input\":{\"@type\":\"PropertyValueSpecification\",\"valueRequired\":true,\"valueName\":\"search_term_string\"}}],\"inLanguage\":\"en-US\"},{\"@type\":\"Organization\",\"@id\":\"https:\/\/netzwerk-homoeopathie.info\/#organization\",\"name\":\"Informationsnetzwerk Hom\u00f6opathie\",\"url\":\"https:\/\/netzwerk-homoeopathie.info\/\",\"logo\":{\"@type\":\"ImageObject\",\"inLanguage\":\"en-US\",\"@id\":\"https:\/\/netzwerk-homoeopathie.info\/#\/schema\/logo\/image\/\",\"url\":\"https:\/\/netzwerk-homoeopathie.info\/wp-content\/uploads\/2019\/02\/iLogo-Schatten-1.png\",\"contentUrl\":\"https:\/\/netzwerk-homoeopathie.info\/wp-content\/uploads\/2019\/02\/iLogo-Schatten-1.png\",\"width\":682,\"height\":625,\"caption\":\"Informationsnetzwerk Hom\u00f6opathie\"},\"image\":{\"@id\":\"https:\/\/netzwerk-homoeopathie.info\/#\/schema\/logo\/image\/\"},\"sameAs\":[\"https:\/\/www.facebook.com\/Informationsnetzwerk-Hom\u00f6opathie-INH-249989248680621\/\",\"https:\/\/x.com\/homeopathy_inh\",\"https:\/\/de.wikipedia.org\/wiki\/Informationsnetzwerk_Hom\u00f6opathie\"]}]}<\/script>\n<!-- \/ Yoast SEO plugin. -->","yoast_head_json":{"title":"Prof. Dr. Jutta H\u00fcbner - Information Network Homeopathy","robots":{"index":"index","follow":"follow","max-snippet":"max-snippet:-1","max-image-preview":"max-image-preview:large","max-video-preview":"max-video-preview:-1"},"canonical":"https:\/\/netzwerk-homoeopathie.info\/prof-dr-jutta-huebner\/","og_locale":"en_US","og_type":"article","og_title":"Prof. Dr. Jutta H\u00fcbner - Information Network Homeopathy","og_description":"Prof. Dr. Jutta H\u00fcbner, Leiterin und Sprecherin des Informationsnetzwerks Hom\u00f6opathie","og_url":"https:\/\/netzwerk-homoeopathie.info\/prof-dr-jutta-huebner\/","og_site_name":"Information Network Homeopathy","article_publisher":"https:\/\/www.facebook.com\/Informationsnetzwerk-Hom%c3%b6opathie-INH-249989248680621\/","article_modified_time":"2022-01-31T20:19:24+00:00","og_image":[{"width":1599,"height":1600,"url":"https:\/\/netzwerk-homoeopathie.info\/wp-content\/uploads\/2020\/04\/huebner2019_12-001-scaled.jpg","type":"image\/jpeg"}],"twitter_card":"summary_large_image","twitter_description":"Prof. Dr. Jutta H\u00fcbner, Leiterin und Sprecherin des Informationsnetzwerks Hom\u00f6opathie","twitter_image":"https:\/\/netzwerk-homoeopathie.info\/wp-content\/uploads\/2020\/04\/huebner2019_12-001-scaled.jpg","twitter_site":"@homeopathy_inh","twitter_misc":{"Est. reading time":"4 minutes"},"schema":{"@context":"https:\/\/schema.org","@graph":[{"@type":"WebPage","@id":"https:\/\/netzwerk-homoeopathie.info\/prof-dr-jutta-huebner\/","url":"https:\/\/netzwerk-homoeopathie.info\/prof-dr-jutta-huebner\/","name":"Prof. Dr. Jutta H\u00fcbner - Information Network Homeopathy","isPartOf":{"@id":"https:\/\/netzwerk-homoeopathie.info\/#website"},"primaryImageOfPage":{"@id":"https:\/\/netzwerk-homoeopathie.info\/prof-dr-jutta-huebner\/#primaryimage"},"image":{"@id":"https:\/\/netzwerk-homoeopathie.info\/prof-dr-jutta-huebner\/#primaryimage"},"thumbnailUrl":"https:\/\/netzwerk-homoeopathie.info\/wp-content\/uploads\/2020\/04\/huebner2019_12-001-scaled.jpg","datePublished":"2020-04-13T12:50:32+00:00","dateModified":"2022-01-31T20:19:24+00:00","description":"Prof. Dr. Jutta H\u00fcbner, Leiterin und Sprecherin des Informationsnetzwerks Hom\u00f6opathie","breadcrumb":{"@id":"https:\/\/netzwerk-homoeopathie.info\/prof-dr-jutta-huebner\/#breadcrumb"},"inLanguage":"en-US","potentialAction":[{"@type":"ReadAction","target":["https:\/\/netzwerk-homoeopathie.info\/prof-dr-jutta-huebner\/"]}]},{"@type":"ImageObject","inLanguage":"en-US","@id":"https:\/\/netzwerk-homoeopathie.info\/prof-dr-jutta-huebner\/#primaryimage","url":"https:\/\/netzwerk-homoeopathie.info\/wp-content\/uploads\/2020\/04\/huebner2019_12-001-scaled.jpg","contentUrl":"https:\/\/netzwerk-homoeopathie.info\/wp-content\/uploads\/2020\/04\/huebner2019_12-001-scaled.jpg"},{"@type":"BreadcrumbList","@id":"https:\/\/netzwerk-homoeopathie.info\/prof-dr-jutta-huebner\/#breadcrumb","itemListElement":[{"@type":"ListItem","position":1,"name":"Startseite","item":"https:\/\/netzwerk-homoeopathie.info\/"},{"@type":"ListItem","position":2,"name":"Prof. Dr. Jutta H\u00fcbner"}]},{"@type":"WebSite","@id":"https:\/\/netzwerk-homoeopathie.info\/#website","url":"https:\/\/netzwerk-homoeopathie.info\/","name":"Informations\u00adnetzwerk Hom\u00f6opathie","description":"We explain - you have the choice","publisher":{"@id":"https:\/\/netzwerk-homoeopathie.info\/#organization"},"potentialAction":[{"@type":"SearchAction","target":{"@type":"EntryPoint","urlTemplate":"https:\/\/netzwerk-homoeopathie.info\/?s={search_term_string}"},"query-input":{"@type":"PropertyValueSpecification","valueRequired":true,"valueName":"search_term_string"}}],"inLanguage":"en-US"},{"@type":"Organization","@id":"https:\/\/netzwerk-homoeopathie.info\/#organization","name":"Informationsnetzwerk Hom\u00f6opathie","url":"https:\/\/netzwerk-homoeopathie.info\/","logo":{"@type":"ImageObject","inLanguage":"en-US","@id":"https:\/\/netzwerk-homoeopathie.info\/#\/schema\/logo\/image\/","url":"https:\/\/netzwerk-homoeopathie.info\/wp-content\/uploads\/2019\/02\/iLogo-Schatten-1.png","contentUrl":"https:\/\/netzwerk-homoeopathie.info\/wp-content\/uploads\/2019\/02\/iLogo-Schatten-1.png","width":682,"height":625,"caption":"Informationsnetzwerk Hom\u00f6opathie"},"image":{"@id":"https:\/\/netzwerk-homoeopathie.info\/#\/schema\/logo\/image\/"},"sameAs":["https:\/\/www.facebook.com\/Informationsnetzwerk-Hom\u00f6opathie-INH-249989248680621\/","https:\/\/x.com\/homeopathy_inh","https:\/\/de.wikipedia.org\/wiki\/Informationsnetzwerk_Hom\u00f6opathie"]}]}},"featured_image_src":null,"featured_image_src_square":null,"jetpack_sharing_enabled":true,"_links":{"self":[{"href":"https:\/\/netzwerk-homoeopathie.info\/en\/wp-json\/wp\/v2\/pages\/6461","targetHints":{"allow":["GET"]}}],"collection":[{"href":"https:\/\/netzwerk-homoeopathie.info\/en\/wp-json\/wp\/v2\/pages"}],"about":[{"href":"https:\/\/netzwerk-homoeopathie.info\/en\/wp-json\/wp\/v2\/types\/page"}],"author":[{"embeddable":true,"href":"https:\/\/netzwerk-homoeopathie.info\/en\/wp-json\/wp\/v2\/users\/1"}],"replies":[{"embeddable":true,"href":"https:\/\/netzwerk-homoeopathie.info\/en\/wp-json\/wp\/v2\/comments?post=6461"}],"version-history":[{"count":0,"href":"https:\/\/netzwerk-homoeopathie.info\/en\/wp-json\/wp\/v2\/pages\/6461\/revisions"}],"wp:attachment":[{"href":"https:\/\/netzwerk-homoeopathie.info\/en\/wp-json\/wp\/v2\/media?parent=6461"}],"curies":[{"name":"wp","href":"https:\/\/api.w.org\/{rel}","templated":true}]}}